{"id":3101,"date":"2022-07-19T11:09:18","date_gmt":"2022-07-19T11:09:18","guid":{"rendered":"http:\/\/www.berrycreatifmosaics.com\/?page_id=3101"},"modified":"2024-07-14T14:02:38","modified_gmt":"2024-07-14T14:02:38","slug":"shop","status":"publish","type":"page","link":"https:\/\/www.berrycreatifmosaics.com\/fr\/shop\/","title":{"rendered":"Boutique"},"content":{"rendered":"<div class=\"fusion-fullwidth fullwidth-box fusion-builder-row-1 fusion-flex-container nonhundred-percent-fullwidth non-hundred-percent-height-scrolling\" style=\"--awb-border-radius-top-left:0px;--awb-border-radius-top-right:0px;--awb-border-radius-bottom-right:0px;--awb-border-radius-bottom-left:0px;--awb-flex-wrap:wrap;\" ><div class=\"fusion-builder-row fusion-row fusion-flex-align-items-flex-start fusion-flex-content-wrap\" style=\"max-width:1872px;margin-left: calc(-4% \/ 2 );margin-right: calc(-4% \/ 2 );\"><div class=\"fusion-layout-column fusion_builder_column fusion-builder-column-0 fusion_builder_column_1_1 1_1 fusion-flex-column\" style=\"--awb-bg-size:cover;--awb-width-large:100%;--awb-margin-top-large:0px;--awb-spacing-right-large:1.92%;--awb-margin-bottom-large:20px;--awb-spacing-left-large:1.92%;--awb-width-medium:100%;--awb-order-medium:0;--awb-spacing-right-medium:1.92%;--awb-spacing-left-medium:1.92%;--awb-width-small:100%;--awb-order-small:0;--awb-spacing-right-small:1.92%;--awb-spacing-left-small:1.92%;\"><div class=\"fusion-column-wrapper fusion-column-has-shadow fusion-flex-justify-content-flex-start fusion-content-layout-column\"><div class=\"fusion-title title fusion-title-1 fusion-sep-none fusion-title-text fusion-title-size-three\"><h3 class=\"fusion-title-heading title-heading-left\" style=\"margin:0;\">Recherche par cat\u00e9gorie<\/h3><\/div><div class=\"woocommerce columns-4\"><ul class=\"products clearfix products-4\">\n<li class=\"product-category product first product-grid-view\">\n\t<div class=\"fusion-product-wrapper\">\n<a aria-label=\"Acc\u00e9der \u00e0 la cat\u00e9gorie de produits gifts\" href=\"https:\/\/www.berrycreatifmosaics.com\/fr\/categorie-produit\/gifts\/\" data-no-translation-aria-label=\"\">\t\t<h2 class=\"woocommerce-loop-category__title\">\n\t\t\tgifts <mark class=\"count\">(4)<\/mark>\t\t<\/h2>\n\t\t<\/a><\/div>\n<\/li>\n<li class=\"product-category product product-grid-view\">\n\t<div class=\"fusion-product-wrapper\">\n<a aria-label=\"Acc\u00e9der \u00e0 la cat\u00e9gorie de produits Mosaic Kits\" href=\"https:\/\/www.berrycreatifmosaics.com\/fr\/categorie-produit\/mosaic-kits\/\" data-no-translation-aria-label=\"\"><img decoding=\"async\" src=\"https:\/\/www.berrycreatifmosaics.com\/wp-content\/uploads\/2022\/11\/BLUEMANDALA-DIYKIT-1-300x300.jpg\" alt=\"Mosaic Kits\" width=\"300\" height=\"\" srcset=\"https:\/\/www.berrycreatifmosaics.com\/wp-content\/uploads\/2022\/11\/BLUEMANDALA-DIYKIT-1-12x12.jpg 12w, https:\/\/www.berrycreatifmosaics.com\/wp-content\/uploads\/2022\/11\/BLUEMANDALA-DIYKIT-1-66x66.jpg 66w, https:\/\/www.berrycreatifmosaics.com\/wp-content\/uploads\/2022\/11\/BLUEMANDALA-DIYKIT-1-150x150.jpg 150w, https:\/\/www.berrycreatifmosaics.com\/wp-content\/uploads\/2022\/11\/BLUEMANDALA-DIYKIT-1-200x200.jpg 200w, https:\/\/www.berrycreatifmosaics.com\/wp-content\/uploads\/2022\/11\/BLUEMANDALA-DIYKIT-1-300x300.jpg 300w, https:\/\/www.berrycreatifmosaics.com\/wp-content\/uploads\/2022\/11\/BLUEMANDALA-DIYKIT-1-400x400.jpg 400w, https:\/\/www.berrycreatifmosaics.com\/wp-content\/uploads\/2022\/11\/BLUEMANDALA-DIYKIT-1-500x500.jpg 500w, https:\/\/www.berrycreatifmosaics.com\/wp-content\/uploads\/2022\/11\/BLUEMANDALA-DIYKIT-1-600x600.jpg 600w, https:\/\/www.berrycreatifmosaics.com\/wp-content\/uploads\/2022\/11\/BLUEMANDALA-DIYKIT-1-768x768.jpg 768w, https:\/\/www.berrycreatifmosaics.com\/wp-content\/uploads\/2022\/11\/BLUEMANDALA-DIYKIT-1-800x800.jpg 800w, https:\/\/www.berrycreatifmosaics.com\/wp-content\/uploads\/2022\/11\/BLUEMANDALA-DIYKIT-1-1024x1024.jpg 1024w, https:\/\/www.berrycreatifmosaics.com\/wp-content\/uploads\/2022\/11\/BLUEMANDALA-DIYKIT-1-1200x1200.jpg 1200w, https:\/\/www.berrycreatifmosaics.com\/wp-content\/uploads\/2022\/11\/BLUEMANDALA-DIYKIT-1-1536x1536.jpg 1536w\" sizes=\"(max-width: 300px) 100vw, 300px\" \/>\t\t<h2 class=\"woocommerce-loop-category__title\">\n\t\t\tKits de Mosa\u00efque <mark class=\"count\">(16)<\/mark>\t\t<\/h2>\n\t\t<\/a><\/div>\n<\/li>\n<li class=\"product-category product product-grid-view\">\n\t<div class=\"fusion-product-wrapper\">\n<a aria-label=\"Acc\u00e9der \u00e0 la cat\u00e9gorie de produits Supplies\" href=\"https:\/\/www.berrycreatifmosaics.com\/fr\/categorie-produit\/supplies\/\" data-no-translation-aria-label=\"\">\t\t<h2 class=\"woocommerce-loop-category__title\">\n\t\t\tSupplies <mark class=\"count\">(7)<\/mark>\t\t<\/h2>\n\t\t<\/a><\/div>\n<\/li>\n<\/ul>\n<\/div><\/div><\/div><\/div><\/div>","protected":false},"excerpt":{"rendered":"","protected":false},"author":1,"featured_media":0,"parent":0,"menu_order":0,"comment_status":"closed","ping_status":"closed","template":"","meta":{"footnotes":""},"class_list":["post-3101","page","type-page","status-publish","hentry"],"yoast_head":"<!-- This site is optimized with the Yoast SEO plugin v25.1 - https:\/\/yoast.com\/wordpress\/plugins\/seo\/ -->\n<title>Shop - Berry Cr\u00e9atif Mosaics<\/title>\n<meta name=\"robots\" content=\"index, follow, max-snippet:-1, max-image-preview:large, max-video-preview:-1\" \/>\n<link rel=\"canonical\" href=\"https:\/\/www.berrycreatifmosaics.com\/fr\/shop\/\" \/>\n<meta property=\"og:locale\" content=\"fr_FR\" \/>\n<meta property=\"og:type\" content=\"article\" \/>\n<meta property=\"og:title\" content=\"Shop - Berry Cr\u00e9atif Mosaics\" \/>\n<meta property=\"og:url\" content=\"https:\/\/www.berrycreatifmosaics.com\/fr\/shop\/\" \/>\n<meta property=\"og:site_name\" content=\"Berry Cr\u00e9atif Mosaics\" \/>\n<meta property=\"article:publisher\" content=\"https:\/\/www.facebook.com\/berrycreatifmosaics\/\" \/>\n<meta property=\"article:modified_time\" content=\"2024-07-14T14:02:38+00:00\" \/>\n<meta property=\"og:image\" content=\"https:\/\/www.berrycreatifmosaics.com\/wp-content\/uploads\/2024\/05\/20240518_144904-scaled.jpg\" \/>\n\t<meta property=\"og:image:width\" content=\"2560\" \/>\n\t<meta property=\"og:image:height\" content=\"2560\" \/>\n\t<meta property=\"og:image:type\" content=\"image\/jpeg\" \/>\n<meta name=\"twitter:card\" content=\"summary_large_image\" \/>\n<meta name=\"twitter:label1\" content=\"Dur\u00e9e de lecture estim\u00e9e\" \/>\n\t<meta name=\"twitter:data1\" content=\"1 minute\" \/>\n<script type=\"application\/ld+json\" class=\"yoast-schema-graph\">{\"@context\":\"https:\/\/schema.org\",\"@graph\":[{\"@type\":\"WebPage\",\"@id\":\"https:\/\/www.berrycreatifmosaics.com\/shop\/\",\"url\":\"https:\/\/www.berrycreatifmosaics.com\/shop\/\",\"name\":\"Shop - Berry Cr\u00e9atif Mosaics\",\"isPartOf\":{\"@id\":\"https:\/\/www.berrycreatifmosaics.com\/#website\"},\"datePublished\":\"2022-07-19T11:09:18+00:00\",\"dateModified\":\"2024-07-14T14:02:38+00:00\",\"breadcrumb\":{\"@id\":\"https:\/\/www.berrycreatifmosaics.com\/shop\/#breadcrumb\"},\"inLanguage\":\"fr-FR\",\"potentialAction\":[{\"@type\":\"ReadAction\",\"target\":[\"https:\/\/www.berrycreatifmosaics.com\/shop\/\"]}]},{\"@type\":\"BreadcrumbList\",\"@id\":\"https:\/\/www.berrycreatifmosaics.com\/shop\/#breadcrumb\",\"itemListElement\":[{\"@type\":\"ListItem\",\"position\":1,\"name\":\"Home\",\"item\":\"https:\/\/www.berrycreatifmosaics.com\/\"},{\"@type\":\"ListItem\",\"position\":2,\"name\":\"Shop\"}]},{\"@type\":\"WebSite\",\"@id\":\"https:\/\/www.berrycreatifmosaics.com\/#website\",\"url\":\"https:\/\/www.berrycreatifmosaics.com\/\",\"name\":\"Berry Cr\u00e9atif Mosaics\",\"description\":\"Ateliers de mosaique Deux-Sevres\",\"publisher\":{\"@id\":\"https:\/\/www.berrycreatifmosaics.com\/#organization\"},\"potentialAction\":[{\"@type\":\"SearchAction\",\"target\":{\"@type\":\"EntryPoint\",\"urlTemplate\":\"https:\/\/www.berrycreatifmosaics.com\/?s={search_term_string}\"},\"query-input\":{\"@type\":\"PropertyValueSpecification\",\"valueRequired\":true,\"valueName\":\"search_term_string\"}}],\"inLanguage\":\"fr-FR\"},{\"@type\":\"Organization\",\"@id\":\"https:\/\/www.berrycreatifmosaics.com\/#organization\",\"name\":\"Berry Cr\u00e9atif Mosaics\",\"url\":\"https:\/\/www.berrycreatifmosaics.com\/\",\"logo\":{\"@type\":\"ImageObject\",\"inLanguage\":\"fr-FR\",\"@id\":\"https:\/\/www.berrycreatifmosaics.com\/#\/schema\/logo\/image\/\",\"url\":\"https:\/\/www.berrycreatifmosaics.com\/wp-content\/uploads\/2019\/07\/BerryCreatif-logo-400px.png\",\"contentUrl\":\"https:\/\/www.berrycreatifmosaics.com\/wp-content\/uploads\/2019\/07\/BerryCreatif-logo-400px.png\",\"width\":400,\"height\":200,\"caption\":\"Berry Cr\u00e9atif Mosaics\"},\"image\":{\"@id\":\"https:\/\/www.berrycreatifmosaics.com\/#\/schema\/logo\/image\/\"},\"sameAs\":[\"https:\/\/www.facebook.com\/berrycreatifmosaics\/\",\"https:\/\/www.instagram.com\/berrycreatifmosaics\/\",\"https:\/\/www.pinterest.fr\/berrycreatifmosaics\/\",\"https:\/\/www.youtube.com\/channel\/UCqXfRENzLXPPGxBYGGxsb2Q\"]}]}<\/script>\n<!-- \/ Yoast SEO plugin. -->","yoast_head_json":{"title":"Shop - Berry Cr\u00e9atif Mosaics","robots":{"index":"index","follow":"follow","max-snippet":"max-snippet:-1","max-image-preview":"max-image-preview:large","max-video-preview":"max-video-preview:-1"},"canonical":"https:\/\/www.berrycreatifmosaics.com\/fr\/shop\/","og_locale":"fr_FR","og_type":"article","og_title":"Shop - Berry Cr\u00e9atif Mosaics","og_url":"https:\/\/www.berrycreatifmosaics.com\/fr\/shop\/","og_site_name":"Berry Cr\u00e9atif Mosaics","article_publisher":"https:\/\/www.facebook.com\/berrycreatifmosaics\/","article_modified_time":"2024-07-14T14:02:38+00:00","og_image":[{"width":2560,"height":2560,"url":"https:\/\/www.berrycreatifmosaics.com\/wp-content\/uploads\/2024\/05\/20240518_144904-scaled.jpg","type":"image\/jpeg"}],"twitter_card":"summary_large_image","twitter_misc":{"Dur\u00e9e de lecture estim\u00e9e":"1 minute"},"schema":{"@context":"https:\/\/schema.org","@graph":[{"@type":"WebPage","@id":"https:\/\/www.berrycreatifmosaics.com\/shop\/","url":"https:\/\/www.berrycreatifmosaics.com\/shop\/","name":"Shop - Berry Cr\u00e9atif Mosaics","isPartOf":{"@id":"https:\/\/www.berrycreatifmosaics.com\/#website"},"datePublished":"2022-07-19T11:09:18+00:00","dateModified":"2024-07-14T14:02:38+00:00","breadcrumb":{"@id":"https:\/\/www.berrycreatifmosaics.com\/shop\/#breadcrumb"},"inLanguage":"fr-FR","potentialAction":[{"@type":"ReadAction","target":["https:\/\/www.berrycreatifmosaics.com\/shop\/"]}]},{"@type":"BreadcrumbList","@id":"https:\/\/www.berrycreatifmosaics.com\/shop\/#breadcrumb","itemListElement":[{"@type":"ListItem","position":1,"name":"Home","item":"https:\/\/www.berrycreatifmosaics.com\/"},{"@type":"ListItem","position":2,"name":"Shop"}]},{"@type":"WebSite","@id":"https:\/\/www.berrycreatifmosaics.com\/#website","url":"https:\/\/www.berrycreatifmosaics.com\/","name":"Berry Cr\u00e9atif Mosaics","description":"Ateliers de mosaique Deux-Sevres","publisher":{"@id":"https:\/\/www.berrycreatifmosaics.com\/#organization"},"potentialAction":[{"@type":"SearchAction","target":{"@type":"EntryPoint","urlTemplate":"https:\/\/www.berrycreatifmosaics.com\/?s={search_term_string}"},"query-input":{"@type":"PropertyValueSpecification","valueRequired":true,"valueName":"search_term_string"}}],"inLanguage":"fr-FR"},{"@type":"Organization","@id":"https:\/\/www.berrycreatifmosaics.com\/#organization","name":"Berry Cr\u00e9atif Mosaics","url":"https:\/\/www.berrycreatifmosaics.com\/","logo":{"@type":"ImageObject","inLanguage":"fr-FR","@id":"https:\/\/www.berrycreatifmosaics.com\/#\/schema\/logo\/image\/","url":"https:\/\/www.berrycreatifmosaics.com\/wp-content\/uploads\/2019\/07\/BerryCreatif-logo-400px.png","contentUrl":"https:\/\/www.berrycreatifmosaics.com\/wp-content\/uploads\/2019\/07\/BerryCreatif-logo-400px.png","width":400,"height":200,"caption":"Berry Cr\u00e9atif Mosaics"},"image":{"@id":"https:\/\/www.berrycreatifmosaics.com\/#\/schema\/logo\/image\/"},"sameAs":["https:\/\/www.facebook.com\/berrycreatifmosaics\/","https:\/\/www.instagram.com\/berrycreatifmosaics\/","https:\/\/www.pinterest.fr\/berrycreatifmosaics\/","https:\/\/www.youtube.com\/channel\/UCqXfRENzLXPPGxBYGGxsb2Q"]}]}},"_links":{"self":[{"href":"https:\/\/www.berrycreatifmosaics.com\/fr\/wp-json\/wp\/v2\/pages\/3101","targetHints":{"allow":["GET"]}}],"collection":[{"href":"https:\/\/www.berrycreatifmosaics.com\/fr\/wp-json\/wp\/v2\/pages"}],"about":[{"href":"https:\/\/www.berrycreatifmosaics.com\/fr\/wp-json\/wp\/v2\/types\/page"}],"author":[{"embeddable":true,"href":"https:\/\/www.berrycreatifmosaics.com\/fr\/wp-json\/wp\/v2\/users\/1"}],"replies":[{"embeddable":true,"href":"https:\/\/www.berrycreatifmosaics.com\/fr\/wp-json\/wp\/v2\/comments?post=3101"}],"version-history":[{"count":20,"href":"https:\/\/www.berrycreatifmosaics.com\/fr\/wp-json\/wp\/v2\/pages\/3101\/revisions"}],"predecessor-version":[{"id":4157,"href":"https:\/\/www.berrycreatifmosaics.com\/fr\/wp-json\/wp\/v2\/pages\/3101\/revisions\/4157"}],"wp:attachment":[{"href":"https:\/\/www.berrycreatifmosaics.com\/fr\/wp-json\/wp\/v2\/media?parent=3101"}],"curies":[{"name":"wp","href":"https:\/\/api.w.org\/{rel}","templated":true}]}}