{"id":3437,"date":"2022-11-30T11:30:05","date_gmt":"2022-11-30T11:30:05","guid":{"rendered":"https:\/\/www.berrycreatifmosaics.com\/?post_type=product&#038;p=3437"},"modified":"2026-04-02T06:37:03","modified_gmt":"2026-04-02T05:37:03","slug":"mosaic-kit-blue-mandala","status":"publish","type":"product","link":"https:\/\/www.berrycreatifmosaics.com\/fr\/produit\/mosaic-kit-blue-mandala\/","title":{"rendered":"Kit mosa\u00efque | Blue Mandala"},"content":{"rendered":"<p>Tout le mat\u00e9riel n\u00e9cessaire \u00e0 la r\u00e9alisation de cette superbe mosa\u00efque murale est inclus et pr\u00eat \u00e0 l'emploi.<\/p>\n<p>\u25b6\ufe0f POURQUOI EN AVEZ-VOUS BESOIN ?<br \/>\nJ'ai pass\u00e9 plus de 20 ans \u00e0 cr\u00e9er de l'art de la mosa\u00efque et je sais comment faire pour que mes kits de mosa\u00efque soient les meilleurs possibles. Fini les projets de mosa\u00efque g\u00e2ch\u00e9s ! Les artisans et les bricoleurs ne jurent que par ce kit pour apprendre \u00e0 faire une mosa\u00efque dont ils sont tr\u00e8s fiers.<\/p>\n<p>\u25b6\ufe0f CELA VOUS RESSEMBLE-T-IL ?<br \/>\n&gt; Vous avez consacr\u00e9 trop de temps et d'argent \u00e0 l'achat de mat\u00e9riaux de mosa\u00efque de qualit\u00e9 inf\u00e9rieure.<br \/>\n&gt; Vous en avez assez des projets incomplets parce qu'il manque des outils ou des tuiles.<br \/>\n&gt; Vous voulez un guide simple, \u00e9tape par \u00e9tape, \u00e0 suivre.<br \/>\n&gt; Vous cherchez un moyen de vous d\u00e9tendre et d'exprimer votre cr\u00e9ativit\u00e9.<br \/>\n&gt; Vous avez besoin d'une solution fiable et compl\u00e8te pour r\u00e9aliser des mosa\u00efques.<\/p>\n<p>\u25b6\ufe0f QU'EST-CE QU'IL A DE PARTICULIER ?<br \/>\nVous pouvez maintenant r\u00e9aliser vos r\u00eaves artistiques et cr\u00e9er une mosa\u00efque murale dont vous serez fier sans vous frustrer ni gaspiller de mat\u00e9riaux.<\/p>\n<p>Ce kit de mosa\u00efque comprend :<br \/>\n- 1 x panneau circulaire avec anneau en D et fixation<br \/>\n- 1 x sac de jute avec toutes les tuiles de mosa\u00efque<br \/>\n- 1 x sac de coulis noir en poudre<br \/>\n- 1 x gobelet m\u00e9langeur en papier et agitateur<br \/>\n- 1 x flacon de colle<br \/>\n- 1 x paire de gants jetables en nitrile<br \/>\n- 1 x paire de pincettes en m\u00e9tal (pas en plastique)<br \/>\n- 1 x D\u00e9pliant d'instructions avec image en couleur de l'exemple fini. (en langue de fran\u00e7ais ou anglais)<\/p>\n<p>Chaque kit de mosa\u00efque est pr\u00e9par\u00e9 \u00e0 la main.<br \/>\nVeuillez noter que les couleurs et les tailles des carreaux peuvent varier l\u00e9g\u00e8rement par rapport \u00e0 celles indiqu\u00e9es sur la photo du produit.<\/p>\n<p>! ! Attention aux ar\u00eates vives et aux points tranchants fonctionnels. Certains \u00e9l\u00e9ments sont \u00e0 manipuler avec pr\u00e9caution.<\/p>\n<p>! ! N'oubliez pas de partager une photo de votre \u0153uvre termin\u00e9e sur Instagram en utilisant #diymosaickit et #berrycreatifmosaics.<\/p>","protected":false},"excerpt":{"rendered":"<p><strong>70+ \u2b50\ufe0f\u2b50\ufe0f\u2b50\ufe0f\u2b50\ufe0f\u2b50\ufe0f\u00a0 reviews<\/strong><\/p>\n<p><strong>Kit de mosa\u00efque DIY de premi\u00e8re qualit\u00e9 qui vous permettra de gagner du temps dans la recherche de mat\u00e9riaux et d'outils pour la mosa\u00efque.<\/strong><\/p>\n<ul>\n<li>Sans souci !  Ouvrez la bo\u00eete et commencez votre voyage en mosa\u00efque<\/li>\n<li>Aucune exp\u00e9rience en mati\u00e8re d'artisanat ou de mosa\u00efque n'est n\u00e9cessaire<\/li>\n<li>Convient aux personnes \u00e2g\u00e9es de 14 ans et plus<\/li>\n<li>Tout ce dont vous avez besoin dans la bo\u00eete, y compris des instructions compl\u00e8tes.<\/li>\n<\/ul>\n<p>Suivez les instructions \u00e9tape par \u00e9tape et l'image imprim\u00e9e pour r\u00e9aliser cet art mural en mosa\u00efque dans le confort de votre maison ou de votre bureau. L'\u0153uvre d'art finie mesure 20 cm de diam\u00e8tre et comprend un point de suspension au dos.  Cet article ne peut \u00eatre utilis\u00e9 qu'\u00e0 l'int\u00e9rieur.<\/p>\n<p>Pour chaque kit de mosa\u00efque achet\u00e9, un don est envoy\u00e9 \u00e0 <a href=\"http:\/\/internationalanimalrescue.org\/\">International Animal Rescue<\/a> pour aider \u00e0 replanter la for\u00eat tropicale indon\u00e9sienne.<\/p>","protected":false},"featured_media":4569,"comment_status":"open","ping_status":"closed","template":"","meta":[],"product_brand":[],"product_cat":[143,144],"product_tag":[151,149,145,232,148],"class_list":{"0":"post-3437","1":"product","2":"type-product","3":"status-publish","4":"has-post-thumbnail","6":"product_cat-mosaic-kits","7":"product_cat-no-cut-mosaic-kit","8":"product_tag-diymosaickit","9":"product_tag-mosaic","10":"product_tag-mosaic-kit","11":"product_tag-mosaic-kit-for-adults","12":"product_tag-mosaic-wall-art","13":"product_shipping_class-1-x-kit","15":"first","16":"onbackorder","17":"featured","18":"shipping-taxable","19":"purchasable","20":"product-type-simple"},"yoast_head":"<!-- This site is optimized with the Yoast SEO plugin v25.1 - https:\/\/yoast.com\/wordpress\/plugins\/seo\/ -->\n<title>Mosaic Kit for adults | Blue Mandala - Berry Cr\u00e9atif Mosaics<\/title>\n<meta name=\"description\" content=\"Adult learning, make mosaic with this beginner friendly, all-inclusive kit for adults, created by a professional artist, 70+ 5 star reviews, buy now!\" \/>\n<meta name=\"robots\" content=\"index, follow, max-snippet:-1, max-image-preview:large, max-video-preview:-1\" \/>\n<link rel=\"canonical\" href=\"https:\/\/www.berrycreatifmosaics.com\/fr\/produit\/mosaic-kit-blue-mandala\/\" \/>\n<meta property=\"og:locale\" content=\"fr_FR\" \/>\n<meta property=\"og:type\" content=\"article\" \/>\n<meta property=\"og:title\" content=\"Mosaic Kit for adults | Blue Mandala - Berry Cr\u00e9atif Mosaics\" \/>\n<meta property=\"og:description\" content=\"Adult learning, make mosaic with this beginner friendly, all-inclusive kit for adults, created by a professional artist, 70+ 5 star reviews, buy now!\" \/>\n<meta property=\"og:url\" content=\"https:\/\/www.berrycreatifmosaics.com\/fr\/produit\/mosaic-kit-blue-mandala\/\" \/>\n<meta property=\"og:site_name\" content=\"Berry Cr\u00e9atif Mosaics\" \/>\n<meta property=\"article:publisher\" content=\"https:\/\/www.facebook.com\/berrycreatifmosaics\/\" \/>\n<meta property=\"article:modified_time\" content=\"2026-04-02T05:37:03+00:00\" \/>\n<meta property=\"og:image\" content=\"https:\/\/www.berrycreatifmosaics.com\/wp-content\/uploads\/2022\/11\/mosaic-kit-1-make-this-mosaic.jpg\" \/>\n\t<meta property=\"og:image:width\" content=\"1200\" \/>\n\t<meta property=\"og:image:height\" content=\"1200\" \/>\n\t<meta property=\"og:image:type\" content=\"image\/jpeg\" \/>\n<meta name=\"twitter:card\" content=\"summary_large_image\" \/>\n<meta name=\"twitter:label1\" content=\"Dur\u00e9e de lecture estim\u00e9e\" \/>\n\t<meta name=\"twitter:data1\" content=\"2 minutes\" \/>\n<script type=\"application\/ld+json\" class=\"yoast-schema-graph\">{\"@context\":\"https:\/\/schema.org\",\"@graph\":[{\"@type\":\"WebPage\",\"@id\":\"https:\/\/www.berrycreatifmosaics.com\/produit\/mosaic-kit-blue-mandala\/\",\"url\":\"https:\/\/www.berrycreatifmosaics.com\/produit\/mosaic-kit-blue-mandala\/\",\"name\":\"Mosaic Kit for adults | Blue Mandala - Berry Cr\u00e9atif Mosaics\",\"isPartOf\":{\"@id\":\"https:\/\/www.berrycreatifmosaics.com\/#website\"},\"primaryImageOfPage\":{\"@id\":\"https:\/\/www.berrycreatifmosaics.com\/produit\/mosaic-kit-blue-mandala\/#primaryimage\"},\"image\":{\"@id\":\"https:\/\/www.berrycreatifmosaics.com\/produit\/mosaic-kit-blue-mandala\/#primaryimage\"},\"thumbnailUrl\":\"https:\/\/www.berrycreatifmosaics.com\/wp-content\/uploads\/2024\/09\/FIRST-8.jpg\",\"datePublished\":\"2022-11-30T11:30:05+00:00\",\"dateModified\":\"2026-04-02T05:37:03+00:00\",\"description\":\"Adult learning, make mosaic with this beginner friendly, all-inclusive kit for adults, created by a professional artist, 70+ 5 star reviews, buy now!\",\"breadcrumb\":{\"@id\":\"https:\/\/www.berrycreatifmosaics.com\/produit\/mosaic-kit-blue-mandala\/#breadcrumb\"},\"inLanguage\":\"fr-FR\",\"potentialAction\":[{\"@type\":\"ReadAction\",\"target\":[\"https:\/\/www.berrycreatifmosaics.com\/produit\/mosaic-kit-blue-mandala\/\"]}]},{\"@type\":\"ImageObject\",\"inLanguage\":\"fr-FR\",\"@id\":\"https:\/\/www.berrycreatifmosaics.com\/produit\/mosaic-kit-blue-mandala\/#primaryimage\",\"url\":\"https:\/\/www.berrycreatifmosaics.com\/wp-content\/uploads\/2024\/09\/FIRST-8.jpg\",\"contentUrl\":\"https:\/\/www.berrycreatifmosaics.com\/wp-content\/uploads\/2024\/09\/FIRST-8.jpg\",\"width\":2000,\"height\":2000,\"caption\":\"teal and turquoise circular wall art that anyone can create using a mosaic kit designed by Sarah Berry mosaic artist\"},{\"@type\":\"BreadcrumbList\",\"@id\":\"https:\/\/www.berrycreatifmosaics.com\/produit\/mosaic-kit-blue-mandala\/#breadcrumb\",\"itemListElement\":[{\"@type\":\"ListItem\",\"position\":1,\"name\":\"Home\",\"item\":\"https:\/\/www.berrycreatifmosaics.com\/\"},{\"@type\":\"ListItem\",\"position\":2,\"name\":\"Shop\",\"item\":\"https:\/\/www.berrycreatifmosaics.com\/shop\/\"},{\"@type\":\"ListItem\",\"position\":3,\"name\":\"Mosaic Kit for adults | Blue Mandala\"}]},{\"@type\":\"WebSite\",\"@id\":\"https:\/\/www.berrycreatifmosaics.com\/#website\",\"url\":\"https:\/\/www.berrycreatifmosaics.com\/\",\"name\":\"Berry Cr\u00e9atif Mosaics\",\"description\":\"Ateliers de mosaique Deux-Sevres\",\"publisher\":{\"@id\":\"https:\/\/www.berrycreatifmosaics.com\/#organization\"},\"potentialAction\":[{\"@type\":\"SearchAction\",\"target\":{\"@type\":\"EntryPoint\",\"urlTemplate\":\"https:\/\/www.berrycreatifmosaics.com\/?s={search_term_string}\"},\"query-input\":{\"@type\":\"PropertyValueSpecification\",\"valueRequired\":true,\"valueName\":\"search_term_string\"}}],\"inLanguage\":\"fr-FR\"},{\"@type\":\"Organization\",\"@id\":\"https:\/\/www.berrycreatifmosaics.com\/#organization\",\"name\":\"Berry Cr\u00e9atif Mosaics\",\"url\":\"https:\/\/www.berrycreatifmosaics.com\/\",\"logo\":{\"@type\":\"ImageObject\",\"inLanguage\":\"fr-FR\",\"@id\":\"https:\/\/www.berrycreatifmosaics.com\/#\/schema\/logo\/image\/\",\"url\":\"https:\/\/www.berrycreatifmosaics.com\/wp-content\/uploads\/2019\/07\/BerryCreatif-logo-400px.png\",\"contentUrl\":\"https:\/\/www.berrycreatifmosaics.com\/wp-content\/uploads\/2019\/07\/BerryCreatif-logo-400px.png\",\"width\":400,\"height\":200,\"caption\":\"Berry Cr\u00e9atif Mosaics\"},\"image\":{\"@id\":\"https:\/\/www.berrycreatifmosaics.com\/#\/schema\/logo\/image\/\"},\"sameAs\":[\"https:\/\/www.facebook.com\/berrycreatifmosaics\/\",\"https:\/\/www.instagram.com\/berrycreatifmosaics\/\",\"https:\/\/www.pinterest.fr\/berrycreatifmosaics\/\",\"https:\/\/www.youtube.com\/channel\/UCqXfRENzLXPPGxBYGGxsb2Q\"]}]}<\/script>\n<!-- \/ Yoast SEO plugin. -->","yoast_head_json":{"title":"Mosaic Kit for adults | Blue Mandala - Berry Cr\u00e9atif Mosaics","description":"Adult learning, make mosaic with this beginner friendly, all-inclusive kit for adults, created by a professional artist, 70+ 5 star reviews, buy now!","robots":{"index":"index","follow":"follow","max-snippet":"max-snippet:-1","max-image-preview":"max-image-preview:large","max-video-preview":"max-video-preview:-1"},"canonical":"https:\/\/www.berrycreatifmosaics.com\/fr\/produit\/mosaic-kit-blue-mandala\/","og_locale":"fr_FR","og_type":"article","og_title":"Mosaic Kit for adults | Blue Mandala - Berry Cr\u00e9atif Mosaics","og_description":"Adult learning, make mosaic with this beginner friendly, all-inclusive kit for adults, created by a professional artist, 70+ 5 star reviews, buy now!","og_url":"https:\/\/www.berrycreatifmosaics.com\/fr\/produit\/mosaic-kit-blue-mandala\/","og_site_name":"Berry Cr\u00e9atif Mosaics","article_publisher":"https:\/\/www.facebook.com\/berrycreatifmosaics\/","article_modified_time":"2026-04-02T05:37:03+00:00","og_image":[{"width":1200,"height":1200,"url":"https:\/\/www.berrycreatifmosaics.com\/wp-content\/uploads\/2022\/11\/mosaic-kit-1-make-this-mosaic.jpg","type":"image\/jpeg"}],"twitter_card":"summary_large_image","twitter_misc":{"Dur\u00e9e de lecture estim\u00e9e":"2 minutes"},"schema":{"@context":"https:\/\/schema.org","@graph":[{"@type":"WebPage","@id":"https:\/\/www.berrycreatifmosaics.com\/produit\/mosaic-kit-blue-mandala\/","url":"https:\/\/www.berrycreatifmosaics.com\/produit\/mosaic-kit-blue-mandala\/","name":"Mosaic Kit for adults | Blue Mandala - Berry Cr\u00e9atif Mosaics","isPartOf":{"@id":"https:\/\/www.berrycreatifmosaics.com\/#website"},"primaryImageOfPage":{"@id":"https:\/\/www.berrycreatifmosaics.com\/produit\/mosaic-kit-blue-mandala\/#primaryimage"},"image":{"@id":"https:\/\/www.berrycreatifmosaics.com\/produit\/mosaic-kit-blue-mandala\/#primaryimage"},"thumbnailUrl":"https:\/\/www.berrycreatifmosaics.com\/wp-content\/uploads\/2024\/09\/FIRST-8.jpg","datePublished":"2022-11-30T11:30:05+00:00","dateModified":"2026-04-02T05:37:03+00:00","description":"Adult learning, make mosaic with this beginner friendly, all-inclusive kit for adults, created by a professional artist, 70+ 5 star reviews, buy now!","breadcrumb":{"@id":"https:\/\/www.berrycreatifmosaics.com\/produit\/mosaic-kit-blue-mandala\/#breadcrumb"},"inLanguage":"fr-FR","potentialAction":[{"@type":"ReadAction","target":["https:\/\/www.berrycreatifmosaics.com\/produit\/mosaic-kit-blue-mandala\/"]}]},{"@type":"ImageObject","inLanguage":"fr-FR","@id":"https:\/\/www.berrycreatifmosaics.com\/produit\/mosaic-kit-blue-mandala\/#primaryimage","url":"https:\/\/www.berrycreatifmosaics.com\/wp-content\/uploads\/2024\/09\/FIRST-8.jpg","contentUrl":"https:\/\/www.berrycreatifmosaics.com\/wp-content\/uploads\/2024\/09\/FIRST-8.jpg","width":2000,"height":2000,"caption":"teal and turquoise circular wall art that anyone can create using a mosaic kit designed by Sarah Berry mosaic artist"},{"@type":"BreadcrumbList","@id":"https:\/\/www.berrycreatifmosaics.com\/produit\/mosaic-kit-blue-mandala\/#breadcrumb","itemListElement":[{"@type":"ListItem","position":1,"name":"Home","item":"https:\/\/www.berrycreatifmosaics.com\/"},{"@type":"ListItem","position":2,"name":"Shop","item":"https:\/\/www.berrycreatifmosaics.com\/shop\/"},{"@type":"ListItem","position":3,"name":"Mosaic Kit for adults | Blue Mandala"}]},{"@type":"WebSite","@id":"https:\/\/www.berrycreatifmosaics.com\/#website","url":"https:\/\/www.berrycreatifmosaics.com\/","name":"Berry Cr\u00e9atif Mosaics","description":"Ateliers de mosaique Deux-Sevres","publisher":{"@id":"https:\/\/www.berrycreatifmosaics.com\/#organization"},"potentialAction":[{"@type":"SearchAction","target":{"@type":"EntryPoint","urlTemplate":"https:\/\/www.berrycreatifmosaics.com\/?s={search_term_string}"},"query-input":{"@type":"PropertyValueSpecification","valueRequired":true,"valueName":"search_term_string"}}],"inLanguage":"fr-FR"},{"@type":"Organization","@id":"https:\/\/www.berrycreatifmosaics.com\/#organization","name":"Berry Cr\u00e9atif Mosaics","url":"https:\/\/www.berrycreatifmosaics.com\/","logo":{"@type":"ImageObject","inLanguage":"fr-FR","@id":"https:\/\/www.berrycreatifmosaics.com\/#\/schema\/logo\/image\/","url":"https:\/\/www.berrycreatifmosaics.com\/wp-content\/uploads\/2019\/07\/BerryCreatif-logo-400px.png","contentUrl":"https:\/\/www.berrycreatifmosaics.com\/wp-content\/uploads\/2019\/07\/BerryCreatif-logo-400px.png","width":400,"height":200,"caption":"Berry Cr\u00e9atif Mosaics"},"image":{"@id":"https:\/\/www.berrycreatifmosaics.com\/#\/schema\/logo\/image\/"},"sameAs":["https:\/\/www.facebook.com\/berrycreatifmosaics\/","https:\/\/www.instagram.com\/berrycreatifmosaics\/","https:\/\/www.pinterest.fr\/berrycreatifmosaics\/","https:\/\/www.youtube.com\/channel\/UCqXfRENzLXPPGxBYGGxsb2Q"]}]}},"_links":{"self":[{"href":"https:\/\/www.berrycreatifmosaics.com\/fr\/wp-json\/wp\/v2\/product\/3437","targetHints":{"allow":["GET"]}}],"collection":[{"href":"https:\/\/www.berrycreatifmosaics.com\/fr\/wp-json\/wp\/v2\/product"}],"about":[{"href":"https:\/\/www.berrycreatifmosaics.com\/fr\/wp-json\/wp\/v2\/types\/product"}],"replies":[{"embeddable":true,"href":"https:\/\/www.berrycreatifmosaics.com\/fr\/wp-json\/wp\/v2\/comments?post=3437"}],"wp:featuredmedia":[{"embeddable":true,"href":"https:\/\/www.berrycreatifmosaics.com\/fr\/wp-json\/wp\/v2\/media\/4569"}],"wp:attachment":[{"href":"https:\/\/www.berrycreatifmosaics.com\/fr\/wp-json\/wp\/v2\/media?parent=3437"}],"wp:term":[{"taxonomy":"product_brand","embeddable":true,"href":"https:\/\/www.berrycreatifmosaics.com\/fr\/wp-json\/wp\/v2\/product_brand?post=3437"},{"taxonomy":"product_cat","embeddable":true,"href":"https:\/\/www.berrycreatifmosaics.com\/fr\/wp-json\/wp\/v2\/product_cat?post=3437"},{"taxonomy":"product_tag","embeddable":true,"href":"https:\/\/www.berrycreatifmosaics.com\/fr\/wp-json\/wp\/v2\/product_tag?post=3437"}],"curies":[{"name":"wp","href":"https:\/\/api.w.org\/{rel}","templated":true}]}}