{"id":3508,"date":"2023-06-16T09:18:07","date_gmt":"2023-06-16T09:18:07","guid":{"rendered":"https:\/\/www.berrycreatifmosaics.com\/?post_type=product&#038;p=3508"},"modified":"2026-04-14T11:09:33","modified_gmt":"2026-04-14T10:09:33","slug":"sunflower-mosaic-kit","status":"publish","type":"product","link":"https:\/\/www.berrycreatifmosaics.com\/fr\/produit\/sunflower-mosaic-kit\/","title":{"rendered":"Outdoor Sunflower Kit"},"content":{"rendered":"<p>Une fois fabriqu\u00e9e, cette magnifique mosa\u00efque de tournesol peut \u00eatre ajout\u00e9e \u00e0 n'importe quel mur (int\u00e9rieur ou ext\u00e9rieur), sol, pot de fleurs, chutes d'ardoise ou de carrelage, etc. Si le support est solide et ne bouge pas, votre nouveau tournesol peut \u00eatre install\u00e9 dessus ! (Si vous avez des questions, envoyez-moi un message).<\/p>\n<p>Une fois fabriqu\u00e9e, cette magnifique mosa\u00efque de tournesol peut \u00eatre ajout\u00e9e \u00e0 n'importe quel mur (int\u00e9rieur ou ext\u00e9rieur), sol, pot de fleurs, chutes d'ardoise ou de carrelage, etc. Si le support est solide et ne bouge pas, votre nouveau tournesol peut \u00eatre install\u00e9 dessus ! (Si vous avez des questions, envoyez-moi un message).<\/p>\n<p>J'ai pass\u00e9 plus de 20 ans \u00e0 cr\u00e9er de l'art de la mosa\u00efque et je sais comment faire de mes kits de mosa\u00efque la meilleure version possible. Le design de l'art mural est simple mais impressionnant, et les carreaux de mosa\u00efque et les pi\u00e8ces de verre sont de haute qualit\u00e9. Le kit comprend tout ce dont vous aurez besoin pour cr\u00e9er une \u0153uvre d'art en mosa\u00efque (\u00e0 l'ext\u00e9rieur ou \u00e0 l'int\u00e9rieur) dont vous serez fier. Aucune exp\u00e9rience en mati\u00e8re de mosa\u00efque n'est n\u00e9cessaire et les kits conviennent aux personnes \u00e2g\u00e9es de 14 ans et plus.<\/p>\n<p>Ce motif est le kit n\u00b0 5 et est le motif \"Tournesol ext\u00e9rieur\". Il comprend de nombreux carreaux jaunes carr\u00e9s qu'il faut d\u00e9couper pour les adapter au motif du tournesol. (Remarque : ce kit n\u00e9cessite un outil pour couper les carreaux).<br \/>\nUn mod\u00e8le de tournesol est fourni avec des instructions compl\u00e8tes et des images \u00e0 suivre \u00e9tape par \u00e9tape.<\/p>\n<p>Ce kit est disponible<br \/>\n\u2705 AVEC coupe-carreaux<br \/>\n\ud83d\ude45\u200d\u2642\ufe0f ou SANS coupe-carreaux.<\/p>\n<p>\u2192 Taille : la mosa\u00efque de tournesol finie a un diam\u00e8tre de 24 cm.<\/p>\n<p>\u2192 Le kit comprend<\/p>\n<p>*selon votre choix \u00e0 la caisse* - 1 x paire de coupe-carreaux<br \/>\n- 1 x morceau de grillage avec feuille de plastique protectrice<br \/>\n- 1 x impression du dessin<br \/>\n- 1 x sac de jute avec tous les carreaux de mosa\u00efque<br \/>\n- 1 x sac de joint en poudre de couleur biscuit<br \/>\n- 1 x gobelet de m\u00e9lange en papier et agitateur<br \/>\n- 1 x flacon de colle PVA<br \/>\n- 1 x tube de colle silicone<br \/>\n- 1 paire de gants en nitrile jetables<br \/>\n- 1 paire de pince<br \/>\n- 1 x notice d'utilisation avec une image en couleur de l'exemple fini. (en anglais ou en fran\u00e7ais)<\/p>\n<p>\u2192 EMBALLAGE : Emball\u00e9 dans un carton ordinaire avec des copeaux d'emballage biod\u00e9gradables pour emp\u00eacher tout mouvement pendant le transport.<\/p>\n<p>\u2192 COULEURS : Outdoor Sunflower utilise principalement des tuiles jaunes avec quelques pi\u00e8ces brunes et orange pour le centre.<\/p>\n<p>\u2192 VARIATIONS :<br \/>\nIl s'agit du seul kit de mosa\u00efque d'ext\u00e9rieur actuellement disponible, mais d'autres sont en cours d'\u00e9laboration. Les options de kits de mosa\u00efque pour l'int\u00e9rieur sont les suivantes :<br \/>\n#1 Bright Floral<br \/>\n#2 Blue Mandala<br \/>\n#3 Gold Mandala, and<br \/>\n#4 Blue Squares<\/p>\n<p>\u2192 INSTRUCTIONS : Des instructions \u00e9crites claires, \u00e9tape par \u00e9tape, sont incluses dans le kit, avec des images de travail \u00e0 suivre. Il y a une photo claire de la mosa\u00efque finale pour que vous puissiez la suivre comme un puzzle.<\/p>\n<p>Berry Cr\u00e9atif Mosaics aime aider et inspirer les autres \u00e0 passer un moment cr\u00e9atif et apaisant gr\u00e2ce \u00e0 l'art de la mosa\u00efque, alors rejoignez-nous ! Tous les cr\u00e9ateurs de kits sont invit\u00e9s \u00e0 rejoindre une communaut\u00e9 priv\u00e9e sur FB, pour partager et apprendre l'art de la mosa\u00efque.<\/p>\n<p>Je m'efforce d'utiliser un minimum de plastique dans mes kits de mosa\u00efque DIY et dans leur emballage, et c'est dans cet esprit que \ud83c\udf33 un don pour chaque kit achet\u00e9 est envoy\u00e9 pour aider \u00e0 replanter la for\u00eat tropicale indon\u00e9sienne. \ud83c\udf33 \u2764\ufe0f<\/p>\n<p>\u2192 Chaque kit est pr\u00e9par\u00e9 \u00e0 la main.<br \/>\nVeuillez noter que les couleurs et les tailles des carreaux peuvent varier l\u00e9g\u00e8rement par rapport \u00e0 celles indiqu\u00e9es sur la photo du produit.<\/p>\n<p>! ! Attention aux ar\u00eates vives et aux points tranchants fonctionnels. Certains \u00e9l\u00e9ments sont \u00e0 manipuler avec pr\u00e9caution.<\/p>\n<p>&gt;&gt; N'oubliez pas de partager une photo de votre \u0153uvre termin\u00e9e sur Instagram en utilisant #diymosaickit et #berrycreatifmosaics.<\/p>","protected":false},"excerpt":{"rendered":"<p>Kit de mosa\u00efque pour adultes \ud83c\udf3b Projet d'artisanat pour le jardin Suflower<\/p>\n<p><strong>*Disponible \u00e0 l'achat avec ou sans coupe-carreaux\/pince \u00e0 d\u00e9couper*.<\/strong><\/p>\n<p>Soyons cr\u00e9atif et r\u00e9alisez cette mosa\u00efque de tournesol pour votre jardin !<strong><br \/>\n<\/strong><\/p>\n<ul>\n<li>Sans souci ! Tout est fourni avec le kit<\/li>\n<li>Aucune exp\u00e9rience en mati\u00e8re d'artisanat ou de mosa\u00efque n'est n\u00e9cessaire<\/li>\n<li>Convient aux personnes \u00e2g\u00e9es de 14 ans et plus<\/li>\n<li>Image en couleur \u00e0 suivre + instructions \u00e9tape par \u00e9tape\n<div dir=\"auto\"><\/div>\n<\/li>\n<li>\n<div dir=\"auto\">Une pi\u00e8ce finie de d\u00e9coration de jardin que vous aimerez montrer !<\/div>\n<\/li>\n<li>\n<div dir=\"auto\">Produit de haute qualit\u00e9, bien con\u00e7u et tous les kits de mosa\u00efque sont pr\u00e9par\u00e9s \u00e0 la main.<\/div>\n<\/li>\n<\/ul>\n<p>&gt; En savoir plus sur ces kits de qualit\u00e9 <strong><a href=\"https:\/\/www.berrycreatifmosaics.com\/fr\/diy-mosaic-kit\/\">ici<\/a><\/strong><\/p>\n<p>Suivez les instructions et l'image imprim\u00e9e incluse pour r\u00e9aliser cette mosa\u00efque. L'\u0153uvre d'art finie mesure 24 cm de diam\u00e8tre et sera pr\u00eate \u00e0 \u00eatre install\u00e9e dans votre espace ext\u00e9rieur.  Cet article peut \u00eatre utilis\u00e9 <strong>\u00e0 l'int\u00e9rieur ou \u00e0 l'ext\u00e9rieur.<\/strong> .<\/p>\n<p>Pour chaque kit de mosa\u00efque achet\u00e9, un don est envoy\u00e9 \u00e0 <a href=\"http:\/\/internationalanimalrescue.org\/\">International Animal Rescue<\/a> pour aider \u00e0 replanter la for\u00eat tropicale indon\u00e9sienne.<\/p>","protected":false},"featured_media":4566,"comment_status":"open","ping_status":"closed","template":"","meta":[],"product_brand":[],"product_cat":[185,143],"product_tag":[151,111,149,145,148,172],"class_list":{"0":"post-3508","1":"product","2":"type-product","3":"status-publish","4":"has-post-thumbnail","6":"product_cat-mosaic-kit-with-cutting","7":"product_cat-mosaic-kits","8":"product_tag-diymosaickit","9":"product_tag-garden-decor","10":"product_tag-mosaic","11":"product_tag-mosaic-kit","12":"product_tag-mosaic-wall-art","13":"product_tag-sunflower-kit","14":"product_shipping_class-1-x-kit","16":"first","17":"instock","18":"featured","19":"shipping-taxable","20":"purchasable","21":"product-type-variable","22":"has-default-attributes"},"yoast_head":"<!-- This site is optimized with the Yoast SEO plugin v25.1 - https:\/\/yoast.com\/wordpress\/plugins\/seo\/ -->\n<title>Outdoor Sunflower Kit - Berry Cr\u00e9atif Mosaics<\/title>\n<meta name=\"description\" content=\"Craft a stunning sunflower mosaic for your garden! This DIY kit teaches tile cutting &amp; working with mesh. All materials included. 70+ 5-star reviews!\" \/>\n<meta name=\"robots\" content=\"index, follow, max-snippet:-1, max-image-preview:large, max-video-preview:-1\" \/>\n<link rel=\"canonical\" href=\"https:\/\/www.berrycreatifmosaics.com\/fr\/produit\/sunflower-mosaic-kit\/\" \/>\n<meta property=\"og:locale\" content=\"fr_FR\" \/>\n<meta property=\"og:type\" content=\"article\" \/>\n<meta property=\"og:title\" content=\"Outdoor Sunflower Kit - Berry Cr\u00e9atif Mosaics\" \/>\n<meta property=\"og:description\" content=\"Craft a stunning sunflower mosaic for your garden! This DIY kit teaches tile cutting &amp; working with mesh. All materials included. 70+ 5-star reviews!\" \/>\n<meta property=\"og:url\" content=\"https:\/\/www.berrycreatifmosaics.com\/fr\/produit\/sunflower-mosaic-kit\/\" \/>\n<meta property=\"og:site_name\" content=\"Berry Cr\u00e9atif Mosaics\" \/>\n<meta property=\"article:publisher\" content=\"https:\/\/www.facebook.com\/berrycreatifmosaics\/\" \/>\n<meta property=\"article:modified_time\" content=\"2026-04-14T10:09:33+00:00\" \/>\n<meta property=\"og:image\" content=\"https:\/\/www.berrycreatifmosaics.com\/wp-content\/uploads\/2023\/06\/sunflower-main-pic1200.jpg\" \/>\n\t<meta property=\"og:image:width\" content=\"1200\" \/>\n\t<meta property=\"og:image:height\" content=\"1200\" \/>\n\t<meta property=\"og:image:type\" content=\"image\/jpeg\" \/>\n<meta name=\"twitter:card\" content=\"summary_large_image\" \/>\n<meta name=\"twitter:label1\" content=\"Dur\u00e9e de lecture estim\u00e9e\" \/>\n\t<meta name=\"twitter:data1\" content=\"3 minutes\" \/>\n<script type=\"application\/ld+json\" class=\"yoast-schema-graph\">{\"@context\":\"https:\/\/schema.org\",\"@graph\":[{\"@type\":\"WebPage\",\"@id\":\"https:\/\/www.berrycreatifmosaics.com\/product\/sunflower-mosaic-kit\/\",\"url\":\"https:\/\/www.berrycreatifmosaics.com\/product\/sunflower-mosaic-kit\/\",\"name\":\"Outdoor Sunflower Kit - Berry Cr\u00e9atif Mosaics\",\"isPartOf\":{\"@id\":\"https:\/\/www.berrycreatifmosaics.com\/#website\"},\"primaryImageOfPage\":{\"@id\":\"https:\/\/www.berrycreatifmosaics.com\/product\/sunflower-mosaic-kit\/#primaryimage\"},\"image\":{\"@id\":\"https:\/\/www.berrycreatifmosaics.com\/product\/sunflower-mosaic-kit\/#primaryimage\"},\"thumbnailUrl\":\"https:\/\/www.berrycreatifmosaics.com\/wp-content\/uploads\/2024\/09\/FIRST-4.jpg\",\"datePublished\":\"2023-06-16T09:18:07+00:00\",\"dateModified\":\"2026-04-14T10:09:33+00:00\",\"description\":\"Craft a stunning sunflower mosaic for your garden! This DIY kit teaches tile cutting & working with mesh. All materials included. 70+ 5-star reviews!\",\"breadcrumb\":{\"@id\":\"https:\/\/www.berrycreatifmosaics.com\/product\/sunflower-mosaic-kit\/#breadcrumb\"},\"inLanguage\":\"fr-FR\",\"potentialAction\":[{\"@type\":\"ReadAction\",\"target\":[\"https:\/\/www.berrycreatifmosaics.com\/product\/sunflower-mosaic-kit\/\"]}]},{\"@type\":\"ImageObject\",\"inLanguage\":\"fr-FR\",\"@id\":\"https:\/\/www.berrycreatifmosaics.com\/product\/sunflower-mosaic-kit\/#primaryimage\",\"url\":\"https:\/\/www.berrycreatifmosaics.com\/wp-content\/uploads\/2024\/09\/FIRST-4.jpg\",\"contentUrl\":\"https:\/\/www.berrycreatifmosaics.com\/wp-content\/uploads\/2024\/09\/FIRST-4.jpg\",\"width\":2000,\"height\":2000,\"caption\":\"mosaic sunflower garden decoration glued to a white coloured wall and grouted with biscuit coloured grout. the finished mosaic is bright and colourful with its long yellow petals and brown centre\"},{\"@type\":\"BreadcrumbList\",\"@id\":\"https:\/\/www.berrycreatifmosaics.com\/product\/sunflower-mosaic-kit\/#breadcrumb\",\"itemListElement\":[{\"@type\":\"ListItem\",\"position\":1,\"name\":\"Home\",\"item\":\"https:\/\/www.berrycreatifmosaics.com\/\"},{\"@type\":\"ListItem\",\"position\":2,\"name\":\"Shop\",\"item\":\"https:\/\/www.berrycreatifmosaics.com\/shop\/\"},{\"@type\":\"ListItem\",\"position\":3,\"name\":\"Outdoor Sunflower Kit\"}]},{\"@type\":\"WebSite\",\"@id\":\"https:\/\/www.berrycreatifmosaics.com\/#website\",\"url\":\"https:\/\/www.berrycreatifmosaics.com\/\",\"name\":\"Berry Cr\u00e9atif Mosaics\",\"description\":\"Ateliers de mosaique Deux-Sevres\",\"publisher\":{\"@id\":\"https:\/\/www.berrycreatifmosaics.com\/#organization\"},\"potentialAction\":[{\"@type\":\"SearchAction\",\"target\":{\"@type\":\"EntryPoint\",\"urlTemplate\":\"https:\/\/www.berrycreatifmosaics.com\/?s={search_term_string}\"},\"query-input\":{\"@type\":\"PropertyValueSpecification\",\"valueRequired\":true,\"valueName\":\"search_term_string\"}}],\"inLanguage\":\"fr-FR\"},{\"@type\":\"Organization\",\"@id\":\"https:\/\/www.berrycreatifmosaics.com\/#organization\",\"name\":\"Berry Cr\u00e9atif Mosaics\",\"url\":\"https:\/\/www.berrycreatifmosaics.com\/\",\"logo\":{\"@type\":\"ImageObject\",\"inLanguage\":\"fr-FR\",\"@id\":\"https:\/\/www.berrycreatifmosaics.com\/#\/schema\/logo\/image\/\",\"url\":\"https:\/\/www.berrycreatifmosaics.com\/wp-content\/uploads\/2019\/07\/BerryCreatif-logo-400px.png\",\"contentUrl\":\"https:\/\/www.berrycreatifmosaics.com\/wp-content\/uploads\/2019\/07\/BerryCreatif-logo-400px.png\",\"width\":400,\"height\":200,\"caption\":\"Berry Cr\u00e9atif Mosaics\"},\"image\":{\"@id\":\"https:\/\/www.berrycreatifmosaics.com\/#\/schema\/logo\/image\/\"},\"sameAs\":[\"https:\/\/www.facebook.com\/berrycreatifmosaics\/\",\"https:\/\/www.instagram.com\/berrycreatifmosaics\/\",\"https:\/\/www.pinterest.fr\/berrycreatifmosaics\/\",\"https:\/\/www.youtube.com\/channel\/UCqXfRENzLXPPGxBYGGxsb2Q\"]}]}<\/script>\n<!-- \/ Yoast SEO plugin. -->","yoast_head_json":{"title":"Outdoor Sunflower Kit - Berry Cr\u00e9atif Mosaics","description":"Craft a stunning sunflower mosaic for your garden! This DIY kit teaches tile cutting & working with mesh. All materials included. 70+ 5-star reviews!","robots":{"index":"index","follow":"follow","max-snippet":"max-snippet:-1","max-image-preview":"max-image-preview:large","max-video-preview":"max-video-preview:-1"},"canonical":"https:\/\/www.berrycreatifmosaics.com\/fr\/produit\/sunflower-mosaic-kit\/","og_locale":"fr_FR","og_type":"article","og_title":"Outdoor Sunflower Kit - Berry Cr\u00e9atif Mosaics","og_description":"Craft a stunning sunflower mosaic for your garden! This DIY kit teaches tile cutting & working with mesh. All materials included. 70+ 5-star reviews!","og_url":"https:\/\/www.berrycreatifmosaics.com\/fr\/produit\/sunflower-mosaic-kit\/","og_site_name":"Berry Cr\u00e9atif Mosaics","article_publisher":"https:\/\/www.facebook.com\/berrycreatifmosaics\/","article_modified_time":"2026-04-14T10:09:33+00:00","og_image":[{"width":1200,"height":1200,"url":"https:\/\/www.berrycreatifmosaics.com\/wp-content\/uploads\/2023\/06\/sunflower-main-pic1200.jpg","type":"image\/jpeg"}],"twitter_card":"summary_large_image","twitter_misc":{"Dur\u00e9e de lecture estim\u00e9e":"3 minutes"},"schema":{"@context":"https:\/\/schema.org","@graph":[{"@type":"WebPage","@id":"https:\/\/www.berrycreatifmosaics.com\/product\/sunflower-mosaic-kit\/","url":"https:\/\/www.berrycreatifmosaics.com\/product\/sunflower-mosaic-kit\/","name":"Outdoor Sunflower Kit - Berry Cr\u00e9atif Mosaics","isPartOf":{"@id":"https:\/\/www.berrycreatifmosaics.com\/#website"},"primaryImageOfPage":{"@id":"https:\/\/www.berrycreatifmosaics.com\/product\/sunflower-mosaic-kit\/#primaryimage"},"image":{"@id":"https:\/\/www.berrycreatifmosaics.com\/product\/sunflower-mosaic-kit\/#primaryimage"},"thumbnailUrl":"https:\/\/www.berrycreatifmosaics.com\/wp-content\/uploads\/2024\/09\/FIRST-4.jpg","datePublished":"2023-06-16T09:18:07+00:00","dateModified":"2026-04-14T10:09:33+00:00","description":"Craft a stunning sunflower mosaic for your garden! This DIY kit teaches tile cutting & working with mesh. All materials included. 70+ 5-star reviews!","breadcrumb":{"@id":"https:\/\/www.berrycreatifmosaics.com\/product\/sunflower-mosaic-kit\/#breadcrumb"},"inLanguage":"fr-FR","potentialAction":[{"@type":"ReadAction","target":["https:\/\/www.berrycreatifmosaics.com\/product\/sunflower-mosaic-kit\/"]}]},{"@type":"ImageObject","inLanguage":"fr-FR","@id":"https:\/\/www.berrycreatifmosaics.com\/product\/sunflower-mosaic-kit\/#primaryimage","url":"https:\/\/www.berrycreatifmosaics.com\/wp-content\/uploads\/2024\/09\/FIRST-4.jpg","contentUrl":"https:\/\/www.berrycreatifmosaics.com\/wp-content\/uploads\/2024\/09\/FIRST-4.jpg","width":2000,"height":2000,"caption":"mosaic sunflower garden decoration glued to a white coloured wall and grouted with biscuit coloured grout. the finished mosaic is bright and colourful with its long yellow petals and brown centre"},{"@type":"BreadcrumbList","@id":"https:\/\/www.berrycreatifmosaics.com\/product\/sunflower-mosaic-kit\/#breadcrumb","itemListElement":[{"@type":"ListItem","position":1,"name":"Home","item":"https:\/\/www.berrycreatifmosaics.com\/"},{"@type":"ListItem","position":2,"name":"Shop","item":"https:\/\/www.berrycreatifmosaics.com\/shop\/"},{"@type":"ListItem","position":3,"name":"Outdoor Sunflower Kit"}]},{"@type":"WebSite","@id":"https:\/\/www.berrycreatifmosaics.com\/#website","url":"https:\/\/www.berrycreatifmosaics.com\/","name":"Berry Cr\u00e9atif Mosaics","description":"Ateliers de mosaique Deux-Sevres","publisher":{"@id":"https:\/\/www.berrycreatifmosaics.com\/#organization"},"potentialAction":[{"@type":"SearchAction","target":{"@type":"EntryPoint","urlTemplate":"https:\/\/www.berrycreatifmosaics.com\/?s={search_term_string}"},"query-input":{"@type":"PropertyValueSpecification","valueRequired":true,"valueName":"search_term_string"}}],"inLanguage":"fr-FR"},{"@type":"Organization","@id":"https:\/\/www.berrycreatifmosaics.com\/#organization","name":"Berry Cr\u00e9atif Mosaics","url":"https:\/\/www.berrycreatifmosaics.com\/","logo":{"@type":"ImageObject","inLanguage":"fr-FR","@id":"https:\/\/www.berrycreatifmosaics.com\/#\/schema\/logo\/image\/","url":"https:\/\/www.berrycreatifmosaics.com\/wp-content\/uploads\/2019\/07\/BerryCreatif-logo-400px.png","contentUrl":"https:\/\/www.berrycreatifmosaics.com\/wp-content\/uploads\/2019\/07\/BerryCreatif-logo-400px.png","width":400,"height":200,"caption":"Berry Cr\u00e9atif Mosaics"},"image":{"@id":"https:\/\/www.berrycreatifmosaics.com\/#\/schema\/logo\/image\/"},"sameAs":["https:\/\/www.facebook.com\/berrycreatifmosaics\/","https:\/\/www.instagram.com\/berrycreatifmosaics\/","https:\/\/www.pinterest.fr\/berrycreatifmosaics\/","https:\/\/www.youtube.com\/channel\/UCqXfRENzLXPPGxBYGGxsb2Q"]}]}},"_links":{"self":[{"href":"https:\/\/www.berrycreatifmosaics.com\/fr\/wp-json\/wp\/v2\/product\/3508","targetHints":{"allow":["GET"]}}],"collection":[{"href":"https:\/\/www.berrycreatifmosaics.com\/fr\/wp-json\/wp\/v2\/product"}],"about":[{"href":"https:\/\/www.berrycreatifmosaics.com\/fr\/wp-json\/wp\/v2\/types\/product"}],"replies":[{"embeddable":true,"href":"https:\/\/www.berrycreatifmosaics.com\/fr\/wp-json\/wp\/v2\/comments?post=3508"}],"wp:featuredmedia":[{"embeddable":true,"href":"https:\/\/www.berrycreatifmosaics.com\/fr\/wp-json\/wp\/v2\/media\/4566"}],"wp:attachment":[{"href":"https:\/\/www.berrycreatifmosaics.com\/fr\/wp-json\/wp\/v2\/media?parent=3508"}],"wp:term":[{"taxonomy":"product_brand","embeddable":true,"href":"https:\/\/www.berrycreatifmosaics.com\/fr\/wp-json\/wp\/v2\/product_brand?post=3508"},{"taxonomy":"product_cat","embeddable":true,"href":"https:\/\/www.berrycreatifmosaics.com\/fr\/wp-json\/wp\/v2\/product_cat?post=3508"},{"taxonomy":"product_tag","embeddable":true,"href":"https:\/\/www.berrycreatifmosaics.com\/fr\/wp-json\/wp\/v2\/product_tag?post=3508"}],"curies":[{"name":"wp","href":"https:\/\/api.w.org\/{rel}","templated":true}]}}