{"id":3700,"date":"2023-11-26T17:49:50","date_gmt":"2023-11-26T17:49:50","guid":{"rendered":"https:\/\/www.berrycreatifmosaics.com\/?post_type=product&#038;p=3700"},"modified":"2026-04-14T11:07:34","modified_gmt":"2026-04-14T10:07:34","slug":"mosaic-kit-garden-dragonfly","status":"publish","type":"product","link":"https:\/\/www.berrycreatifmosaics.com\/fr\/produit\/mosaic-kit-garden-dragonfly\/","title":{"rendered":"Kit de mosa\u00efque | Trio de libellules"},"content":{"rendered":"<p>\u2b50\ufe0f Kits de mosa\u00efque pour adultes \u2b50\ufe0f Projet de d\u00e9coration de jardin en libellule<\/p>\n<p>Vous pouvez d\u00e9sormais faire preuve de cr\u00e9ativit\u00e9 \u00e0 la maison sans avoir \u00e0 vous soucier de trouver des mat\u00e9riaux et des outils pour la mosa\u00efque !<\/p>\n<p>Voici un trio de superbes libellules bleu turquoise pour votre plus grande joie ! Pour le plaisir de les fabriquer, et pour la joie qu'elles apporteront une fois install\u00e9es dans votre jardin !<br \/>\nCe kit est simple mais efficace, et constitue une excellente entr\u00e9e en mati\u00e8re dans le monde de la mosa\u00efque d'ext\u00e9rieur. Les mosa\u00efques d'ext\u00e9rieur doivent \u00eatre r\u00e9alis\u00e9es d'une mani\u00e8re diff\u00e9rente et utiliser des mat\u00e9riaux diff\u00e9rents pour \u00eatre durables. Ces m\u00e9thodes et mat\u00e9riaux sont inclus dans ce kit.<\/p>\n<p>\u2192 TAILLE : Les libellules finies x 3 mesurent 15 cm de large x environ 15 cm de haut.<\/p>\n<p>\u2192 Le kit comprend<br \/>\n- 1 x sac de jute avec toutes les tuiles de mosa\u00efque<br \/>\n- 3 x pi\u00e8ces de maille de 15cm de c\u00f4t\u00e9<br \/>\n- 1 x sac de joint en poudre gris clair<br \/>\n- 1 x gobelet m\u00e9langeur en papier et agitateur<br \/>\n- 1 x flacon de colle (pour coller au grillage)<br \/>\n- 1 x tube de colle silicone (pour l'installation \u00e0 l'ext\u00e9rieur)<br \/>\n- 1 x paire de gants jetables en nitrile<br \/>\n- 1 x notice d'instructions avec une image en couleur de l'exemple fini. (en anglais et en fran\u00e7ais)<\/p>\n<p>\u2192 EMBALLAGE : Emball\u00e9 dans un carton ordinaire avec des copeaux d'emballage biod\u00e9gradables pour emp\u00eacher tout mouvement pendant le transport.<\/p>\n<p>\u2192 COULEURS : Bleu turquoise<\/p>\n<p>\u2192 VARIANTES : Il n'existe actuellement aucune autre option de couleur pour le kit de libellule de jardin, mais il existe une autre option de kit de mosa\u00efque d'ext\u00e9rieur - il s'agit d'un kit de tournesol d'ext\u00e9rieur : https:\/\/www.berrycreatifmosaics.com\/product\/sunflower-mosaic-kit\/<\/p>\n<p>\u2192 INSTRUCTIONS : Des instructions \u00e9crites claires, \u00e9tape par \u00e9tape, sont incluses dans le kit, avec des images de travail \u00e0 suivre. Il y a une photo claire de la mosa\u00efque finale pour que vous puissiez la suivre comme un puzzle.<\/p>\n<p>Berry Cr\u00e9atif Mosaics a pour but d'aider et d'inspirer les autres \u00e0 passer un moment cr\u00e9atif et apaisant gr\u00e2ce \u00e0 l'art de la mosa\u00efque, alors rejoignez-nous ! Tous les cr\u00e9ateurs de kits sont invit\u00e9s \u00e0 rejoindre une communaut\u00e9 priv\u00e9e sur FB, pour partager et apprendre l'art de la mosa\u00efque.<\/p>\n<p>Je m'efforce d'utiliser un minimum de plastique dans mes kits de mosa\u00efque DIY et dans leur emballage, et c'est dans cet esprit que \ud83c\udf33 un don pour chaque kit achet\u00e9 est envoy\u00e9 pour aider \u00e0 replanter la for\u00eat tropicale indon\u00e9sienne. \ud83c\udf33 \u2764\ufe0f<\/p>\n<p>\u2192 Chaque kit est pr\u00e9par\u00e9 \u00e0 la main.<br \/>\nPlease note that tile colours and sizes may vary slightly to those shown on the product photo. This item is for indoor use only.<\/p>\n<p>Dragonfly garden decor, mosaic kit dragonfly craft kit, mothers day gift, home outdoor diy project, beginner art kit includes mosaic tiles<\/p>","protected":false},"excerpt":{"rendered":"<p><strong>70+ \u2b50\ufe0f\u2b50\ufe0f\u2b50\ufe0f\u2b50\ufe0f\u2b50\ufe0f\u00a0 reviews<\/p>\n<p>Create dragonfly garden decorations straight from the box!<\/strong><\/p>\n<ul>\n<li>Convient pour l'int\u00e9rieur ou l'ext\u00e9rieur<\/li>\n<li>Aucune d\u00e9coupe n'est n\u00e9cessaire<\/li>\n<li>Aucune exp\u00e9rience en mati\u00e8re d'artisanat ou de mosa\u00efque n'est n\u00e9cessaire<\/li>\n<li>Convient aux personnes \u00e2g\u00e9es de 14 ans et plus<\/li>\n<li>Everything you need in the box, including clear step-by-step instructions<\/li>\n<li>\n<div dir=\"auto\">Produit de haute qualit\u00e9, bien con\u00e7u et tous les kits de mosa\u00efque sont pr\u00e9par\u00e9s \u00e0 la main.<\/div>\n<\/li>\n<\/ul>\n<p>Follow the instructions and the printed image included to make this garden decoration mosaic and learn some techniques of mosaic-making. The finished dragonfly decorations are approx 15cm x 15cm.<\/p>\n<p>Pour chaque kit de mosa\u00efque achet\u00e9, un don est envoy\u00e9 \u00e0 <a href=\"http:\/\/internationalanimalrescue.org\/\">International Animal Rescue<\/a> pour aider \u00e0 replanter la for\u00eat tropicale indon\u00e9sienne.<\/p>","protected":false},"featured_media":4567,"comment_status":"open","ping_status":"closed","template":"","meta":[],"product_brand":[],"product_cat":[143,144],"product_tag":[151,189,149,145,148],"class_list":{"0":"post-3700","1":"product","2":"type-product","3":"status-publish","4":"has-post-thumbnail","6":"product_cat-mosaic-kits","7":"product_cat-no-cut-mosaic-kit","8":"product_tag-diymosaickit","9":"product_tag-garden-mosaic","10":"product_tag-mosaic","11":"product_tag-mosaic-kit","12":"product_tag-mosaic-wall-art","14":"first","15":"instock","16":"featured","17":"shipping-taxable","18":"purchasable","19":"product-type-simple"},"yoast_head":"<!-- This site is optimized with the Yoast SEO plugin v25.1 - https:\/\/yoast.com\/wordpress\/plugins\/seo\/ -->\n<title>Mosaic Kit | Trio of Dragonflies - Berry Cr\u00e9atif Mosaics<\/title>\n<meta name=\"description\" content=\"Create dragonfly decor mosaics with my outdoor-ready DIY kit! Learn mesh techniques &amp; glueing for exterior use. 70+ 5-star reviews. All materials included!\" \/>\n<meta name=\"robots\" content=\"index, follow, max-snippet:-1, max-image-preview:large, max-video-preview:-1\" \/>\n<link rel=\"canonical\" href=\"https:\/\/www.berrycreatifmosaics.com\/fr\/produit\/mosaic-kit-garden-dragonfly\/\" \/>\n<meta property=\"og:locale\" content=\"fr_FR\" \/>\n<meta property=\"og:type\" content=\"article\" \/>\n<meta property=\"og:title\" content=\"Mosaic Kit | Trio of Dragonflies - Berry Cr\u00e9atif Mosaics\" \/>\n<meta property=\"og:description\" content=\"Create dragonfly decor mosaics with my outdoor-ready DIY kit! Learn mesh techniques &amp; glueing for exterior use. 70+ 5-star reviews. All materials included!\" \/>\n<meta property=\"og:url\" content=\"https:\/\/www.berrycreatifmosaics.com\/fr\/produit\/mosaic-kit-garden-dragonfly\/\" \/>\n<meta property=\"og:site_name\" content=\"Berry Cr\u00e9atif Mosaics\" \/>\n<meta property=\"article:publisher\" content=\"https:\/\/www.facebook.com\/berrycreatifmosaics\/\" \/>\n<meta property=\"article:modified_time\" content=\"2026-04-14T10:07:34+00:00\" \/>\n<meta property=\"og:image\" content=\"https:\/\/www.berrycreatifmosaics.com\/wp-content\/uploads\/2022\/11\/mosaic-kit-1-make-this-mosaic.jpg\" \/>\n\t<meta property=\"og:image:width\" content=\"1200\" \/>\n\t<meta property=\"og:image:height\" content=\"1200\" \/>\n\t<meta property=\"og:image:type\" content=\"image\/jpeg\" \/>\n<meta name=\"twitter:card\" content=\"summary_large_image\" \/>\n<meta name=\"twitter:label1\" content=\"Dur\u00e9e de lecture estim\u00e9e\" \/>\n\t<meta name=\"twitter:data1\" content=\"2 minutes\" \/>\n<script type=\"application\/ld+json\" class=\"yoast-schema-graph\">{\"@context\":\"https:\/\/schema.org\",\"@graph\":[{\"@type\":\"WebPage\",\"@id\":\"https:\/\/www.berrycreatifmosaics.com\/product\/mosaic-kit-garden-dragonfly\/\",\"url\":\"https:\/\/www.berrycreatifmosaics.com\/product\/mosaic-kit-garden-dragonfly\/\",\"name\":\"Mosaic Kit | Trio of Dragonflies - Berry Cr\u00e9atif Mosaics\",\"isPartOf\":{\"@id\":\"https:\/\/www.berrycreatifmosaics.com\/#website\"},\"primaryImageOfPage\":{\"@id\":\"https:\/\/www.berrycreatifmosaics.com\/product\/mosaic-kit-garden-dragonfly\/#primaryimage\"},\"image\":{\"@id\":\"https:\/\/www.berrycreatifmosaics.com\/product\/mosaic-kit-garden-dragonfly\/#primaryimage\"},\"thumbnailUrl\":\"https:\/\/www.berrycreatifmosaics.com\/wp-content\/uploads\/2024\/09\/FIRST-5.jpg\",\"datePublished\":\"2023-11-26T17:49:50+00:00\",\"dateModified\":\"2026-04-14T10:07:34+00:00\",\"description\":\"Create dragonfly decor mosaics with my outdoor-ready DIY kit! Learn mesh techniques & glueing for exterior use. 70+ 5-star reviews. All materials included!\",\"breadcrumb\":{\"@id\":\"https:\/\/www.berrycreatifmosaics.com\/product\/mosaic-kit-garden-dragonfly\/#breadcrumb\"},\"inLanguage\":\"fr-FR\",\"potentialAction\":[{\"@type\":\"ReadAction\",\"target\":[\"https:\/\/www.berrycreatifmosaics.com\/product\/mosaic-kit-garden-dragonfly\/\"]}]},{\"@type\":\"ImageObject\",\"inLanguage\":\"fr-FR\",\"@id\":\"https:\/\/www.berrycreatifmosaics.com\/product\/mosaic-kit-garden-dragonfly\/#primaryimage\",\"url\":\"https:\/\/www.berrycreatifmosaics.com\/wp-content\/uploads\/2024\/09\/FIRST-5.jpg\",\"contentUrl\":\"https:\/\/www.berrycreatifmosaics.com\/wp-content\/uploads\/2024\/09\/FIRST-5.jpg\",\"width\":2000,\"height\":2000,\"caption\":\"three dragonflies made using ceramic tiles and glass gems on a fibreglass mesh and glued onto a wall using a diymosaickit\"},{\"@type\":\"BreadcrumbList\",\"@id\":\"https:\/\/www.berrycreatifmosaics.com\/product\/mosaic-kit-garden-dragonfly\/#breadcrumb\",\"itemListElement\":[{\"@type\":\"ListItem\",\"position\":1,\"name\":\"Home\",\"item\":\"https:\/\/www.berrycreatifmosaics.com\/\"},{\"@type\":\"ListItem\",\"position\":2,\"name\":\"Shop\",\"item\":\"https:\/\/www.berrycreatifmosaics.com\/shop\/\"},{\"@type\":\"ListItem\",\"position\":3,\"name\":\"Mosaic Kit | Trio of Dragonflies\"}]},{\"@type\":\"WebSite\",\"@id\":\"https:\/\/www.berrycreatifmosaics.com\/#website\",\"url\":\"https:\/\/www.berrycreatifmosaics.com\/\",\"name\":\"Berry Cr\u00e9atif Mosaics\",\"description\":\"Ateliers de mosaique Deux-Sevres\",\"publisher\":{\"@id\":\"https:\/\/www.berrycreatifmosaics.com\/#organization\"},\"potentialAction\":[{\"@type\":\"SearchAction\",\"target\":{\"@type\":\"EntryPoint\",\"urlTemplate\":\"https:\/\/www.berrycreatifmosaics.com\/?s={search_term_string}\"},\"query-input\":{\"@type\":\"PropertyValueSpecification\",\"valueRequired\":true,\"valueName\":\"search_term_string\"}}],\"inLanguage\":\"fr-FR\"},{\"@type\":\"Organization\",\"@id\":\"https:\/\/www.berrycreatifmosaics.com\/#organization\",\"name\":\"Berry Cr\u00e9atif Mosaics\",\"url\":\"https:\/\/www.berrycreatifmosaics.com\/\",\"logo\":{\"@type\":\"ImageObject\",\"inLanguage\":\"fr-FR\",\"@id\":\"https:\/\/www.berrycreatifmosaics.com\/#\/schema\/logo\/image\/\",\"url\":\"https:\/\/www.berrycreatifmosaics.com\/wp-content\/uploads\/2019\/07\/BerryCreatif-logo-400px.png\",\"contentUrl\":\"https:\/\/www.berrycreatifmosaics.com\/wp-content\/uploads\/2019\/07\/BerryCreatif-logo-400px.png\",\"width\":400,\"height\":200,\"caption\":\"Berry Cr\u00e9atif Mosaics\"},\"image\":{\"@id\":\"https:\/\/www.berrycreatifmosaics.com\/#\/schema\/logo\/image\/\"},\"sameAs\":[\"https:\/\/www.facebook.com\/berrycreatifmosaics\/\",\"https:\/\/www.instagram.com\/berrycreatifmosaics\/\",\"https:\/\/www.pinterest.fr\/berrycreatifmosaics\/\",\"https:\/\/www.youtube.com\/channel\/UCqXfRENzLXPPGxBYGGxsb2Q\"]}]}<\/script>\n<!-- \/ Yoast SEO plugin. -->","yoast_head_json":{"title":"Mosaic Kit | Trio of Dragonflies - Berry Cr\u00e9atif Mosaics","description":"Create dragonfly decor mosaics with my outdoor-ready DIY kit! Learn mesh techniques & glueing for exterior use. 70+ 5-star reviews. All materials included!","robots":{"index":"index","follow":"follow","max-snippet":"max-snippet:-1","max-image-preview":"max-image-preview:large","max-video-preview":"max-video-preview:-1"},"canonical":"https:\/\/www.berrycreatifmosaics.com\/fr\/produit\/mosaic-kit-garden-dragonfly\/","og_locale":"fr_FR","og_type":"article","og_title":"Mosaic Kit | Trio of Dragonflies - Berry Cr\u00e9atif Mosaics","og_description":"Create dragonfly decor mosaics with my outdoor-ready DIY kit! Learn mesh techniques & glueing for exterior use. 70+ 5-star reviews. All materials included!","og_url":"https:\/\/www.berrycreatifmosaics.com\/fr\/produit\/mosaic-kit-garden-dragonfly\/","og_site_name":"Berry Cr\u00e9atif Mosaics","article_publisher":"https:\/\/www.facebook.com\/berrycreatifmosaics\/","article_modified_time":"2026-04-14T10:07:34+00:00","og_image":[{"width":1200,"height":1200,"url":"https:\/\/www.berrycreatifmosaics.com\/wp-content\/uploads\/2022\/11\/mosaic-kit-1-make-this-mosaic.jpg","type":"image\/jpeg"}],"twitter_card":"summary_large_image","twitter_misc":{"Dur\u00e9e de lecture estim\u00e9e":"2 minutes"},"schema":{"@context":"https:\/\/schema.org","@graph":[{"@type":"WebPage","@id":"https:\/\/www.berrycreatifmosaics.com\/product\/mosaic-kit-garden-dragonfly\/","url":"https:\/\/www.berrycreatifmosaics.com\/product\/mosaic-kit-garden-dragonfly\/","name":"Mosaic Kit | Trio of Dragonflies - Berry Cr\u00e9atif Mosaics","isPartOf":{"@id":"https:\/\/www.berrycreatifmosaics.com\/#website"},"primaryImageOfPage":{"@id":"https:\/\/www.berrycreatifmosaics.com\/product\/mosaic-kit-garden-dragonfly\/#primaryimage"},"image":{"@id":"https:\/\/www.berrycreatifmosaics.com\/product\/mosaic-kit-garden-dragonfly\/#primaryimage"},"thumbnailUrl":"https:\/\/www.berrycreatifmosaics.com\/wp-content\/uploads\/2024\/09\/FIRST-5.jpg","datePublished":"2023-11-26T17:49:50+00:00","dateModified":"2026-04-14T10:07:34+00:00","description":"Create dragonfly decor mosaics with my outdoor-ready DIY kit! Learn mesh techniques & glueing for exterior use. 70+ 5-star reviews. All materials included!","breadcrumb":{"@id":"https:\/\/www.berrycreatifmosaics.com\/product\/mosaic-kit-garden-dragonfly\/#breadcrumb"},"inLanguage":"fr-FR","potentialAction":[{"@type":"ReadAction","target":["https:\/\/www.berrycreatifmosaics.com\/product\/mosaic-kit-garden-dragonfly\/"]}]},{"@type":"ImageObject","inLanguage":"fr-FR","@id":"https:\/\/www.berrycreatifmosaics.com\/product\/mosaic-kit-garden-dragonfly\/#primaryimage","url":"https:\/\/www.berrycreatifmosaics.com\/wp-content\/uploads\/2024\/09\/FIRST-5.jpg","contentUrl":"https:\/\/www.berrycreatifmosaics.com\/wp-content\/uploads\/2024\/09\/FIRST-5.jpg","width":2000,"height":2000,"caption":"three dragonflies made using ceramic tiles and glass gems on a fibreglass mesh and glued onto a wall using a diymosaickit"},{"@type":"BreadcrumbList","@id":"https:\/\/www.berrycreatifmosaics.com\/product\/mosaic-kit-garden-dragonfly\/#breadcrumb","itemListElement":[{"@type":"ListItem","position":1,"name":"Home","item":"https:\/\/www.berrycreatifmosaics.com\/"},{"@type":"ListItem","position":2,"name":"Shop","item":"https:\/\/www.berrycreatifmosaics.com\/shop\/"},{"@type":"ListItem","position":3,"name":"Mosaic Kit | Trio of Dragonflies"}]},{"@type":"WebSite","@id":"https:\/\/www.berrycreatifmosaics.com\/#website","url":"https:\/\/www.berrycreatifmosaics.com\/","name":"Berry Cr\u00e9atif Mosaics","description":"Ateliers de mosaique Deux-Sevres","publisher":{"@id":"https:\/\/www.berrycreatifmosaics.com\/#organization"},"potentialAction":[{"@type":"SearchAction","target":{"@type":"EntryPoint","urlTemplate":"https:\/\/www.berrycreatifmosaics.com\/?s={search_term_string}"},"query-input":{"@type":"PropertyValueSpecification","valueRequired":true,"valueName":"search_term_string"}}],"inLanguage":"fr-FR"},{"@type":"Organization","@id":"https:\/\/www.berrycreatifmosaics.com\/#organization","name":"Berry Cr\u00e9atif Mosaics","url":"https:\/\/www.berrycreatifmosaics.com\/","logo":{"@type":"ImageObject","inLanguage":"fr-FR","@id":"https:\/\/www.berrycreatifmosaics.com\/#\/schema\/logo\/image\/","url":"https:\/\/www.berrycreatifmosaics.com\/wp-content\/uploads\/2019\/07\/BerryCreatif-logo-400px.png","contentUrl":"https:\/\/www.berrycreatifmosaics.com\/wp-content\/uploads\/2019\/07\/BerryCreatif-logo-400px.png","width":400,"height":200,"caption":"Berry Cr\u00e9atif Mosaics"},"image":{"@id":"https:\/\/www.berrycreatifmosaics.com\/#\/schema\/logo\/image\/"},"sameAs":["https:\/\/www.facebook.com\/berrycreatifmosaics\/","https:\/\/www.instagram.com\/berrycreatifmosaics\/","https:\/\/www.pinterest.fr\/berrycreatifmosaics\/","https:\/\/www.youtube.com\/channel\/UCqXfRENzLXPPGxBYGGxsb2Q"]}]}},"_links":{"self":[{"href":"https:\/\/www.berrycreatifmosaics.com\/fr\/wp-json\/wp\/v2\/product\/3700","targetHints":{"allow":["GET"]}}],"collection":[{"href":"https:\/\/www.berrycreatifmosaics.com\/fr\/wp-json\/wp\/v2\/product"}],"about":[{"href":"https:\/\/www.berrycreatifmosaics.com\/fr\/wp-json\/wp\/v2\/types\/product"}],"replies":[{"embeddable":true,"href":"https:\/\/www.berrycreatifmosaics.com\/fr\/wp-json\/wp\/v2\/comments?post=3700"}],"wp:featuredmedia":[{"embeddable":true,"href":"https:\/\/www.berrycreatifmosaics.com\/fr\/wp-json\/wp\/v2\/media\/4567"}],"wp:attachment":[{"href":"https:\/\/www.berrycreatifmosaics.com\/fr\/wp-json\/wp\/v2\/media?parent=3700"}],"wp:term":[{"taxonomy":"product_brand","embeddable":true,"href":"https:\/\/www.berrycreatifmosaics.com\/fr\/wp-json\/wp\/v2\/product_brand?post=3700"},{"taxonomy":"product_cat","embeddable":true,"href":"https:\/\/www.berrycreatifmosaics.com\/fr\/wp-json\/wp\/v2\/product_cat?post=3700"},{"taxonomy":"product_tag","embeddable":true,"href":"https:\/\/www.berrycreatifmosaics.com\/fr\/wp-json\/wp\/v2\/product_tag?post=3700"}],"curies":[{"name":"wp","href":"https:\/\/api.w.org\/{rel}","templated":true}]}}