{"id":3718,"date":"2023-11-30T16:14:28","date_gmt":"2023-11-30T16:14:28","guid":{"rendered":"https:\/\/www.berrycreatifmosaics.com\/?post_type=product&#038;p=3718"},"modified":"2025-11-16T20:25:16","modified_gmt":"2025-11-16T19:25:16","slug":"christmas-tree-mosaic-kit","status":"publish","type":"product","link":"https:\/\/www.berrycreatifmosaics.com\/fr\/produit\/christmas-tree-mosaic-kit\/","title":{"rendered":"Kit mosa\u00efque sapin de No\u00ebl"},"content":{"rendered":"","protected":false},"excerpt":{"rendered":"<p>Un kit amusant pour les enfants \u00e0 No\u00ebl !<\/p>\n<p>R\u00e9alisez un arbre de No\u00ebl en mosa\u00efque avec ce fabuleux kit de Sarah Berry.<\/p>\n<p>Chaque kit contient:<\/p>\n<p>- Une forme en bois (environ 15 cm)<br \/>\n- Un sachet de carreaux de mosa\u00efque<br \/>\n- Colle<br \/>\n- Une longueur de corde de suspension<br \/>\n- Notice d'utilisation en anglais et en fran\u00e7ais<br \/>\n- Gobelet et spatule en bois<br \/>\n- Paire de gants en nitrile<br \/>\n- Un sachet de poudre de jointoiement<\/p>","protected":false},"featured_media":4352,"comment_status":"closed","ping_status":"closed","template":"","meta":[],"product_brand":[],"product_cat":[190,143],"product_tag":[193,191,149,192],"class_list":{"0":"post-3718","1":"product","2":"type-product","3":"status-publish","4":"has-post-thumbnail","6":"product_cat-childrens-kits","7":"product_cat-mosaic-kits","8":"product_tag-childrens-craft","9":"product_tag-childrens-craft-kit","10":"product_tag-mosaic","11":"product_tag-mosaic-kit-for-kids","12":"product_shipping_class-delivery-upto500g","13":"fb_product_set-mosaic-kits","15":"first","16":"instock","17":"shipping-taxable","18":"purchasable","19":"product-type-simple"},"yoast_head":"<!-- This site is optimized with the Yoast SEO plugin v25.1 - https:\/\/yoast.com\/wordpress\/plugins\/seo\/ -->\n<title>Christmas Tree Mosaic kit - Berry Cr\u00e9atif Mosaics<\/title>\n<meta name=\"description\" content=\"Keep the children occupied this Christmas with these mosaic kits for kids! Great designs and everything included to complete this christmas craft project.\" \/>\n<meta name=\"robots\" content=\"index, follow, max-snippet:-1, max-image-preview:large, max-video-preview:-1\" \/>\n<link rel=\"canonical\" href=\"https:\/\/www.berrycreatifmosaics.com\/fr\/produit\/christmas-tree-mosaic-kit\/\" \/>\n<meta property=\"og:locale\" content=\"fr_FR\" \/>\n<meta property=\"og:type\" content=\"article\" \/>\n<meta property=\"og:title\" content=\"Christmas Tree Mosaic kit - Berry Cr\u00e9atif Mosaics\" \/>\n<meta property=\"og:description\" content=\"Keep the children occupied this Christmas with these mosaic kits for kids! Great designs and everything included to complete this christmas craft project.\" \/>\n<meta property=\"og:url\" content=\"https:\/\/www.berrycreatifmosaics.com\/fr\/produit\/christmas-tree-mosaic-kit\/\" \/>\n<meta property=\"og:site_name\" content=\"Berry Cr\u00e9atif Mosaics\" \/>\n<meta property=\"article:publisher\" content=\"https:\/\/www.facebook.com\/berrycreatifmosaics\/\" \/>\n<meta property=\"article:modified_time\" content=\"2025-11-16T19:25:16+00:00\" \/>\n<meta property=\"og:image\" content=\"https:\/\/www.berrycreatifmosaics.com\/wp-content\/uploads\/2023\/11\/XMASTREE1.jpg\" \/>\n\t<meta property=\"og:image:width\" content=\"2000\" \/>\n\t<meta property=\"og:image:height\" content=\"2000\" \/>\n\t<meta property=\"og:image:type\" content=\"image\/jpeg\" \/>\n<meta name=\"twitter:card\" content=\"summary_large_image\" \/>\n<meta name=\"twitter:label1\" content=\"Dur\u00e9e de lecture estim\u00e9e\" \/>\n\t<meta name=\"twitter:data1\" content=\"1 minute\" \/>\n<script type=\"application\/ld+json\" class=\"yoast-schema-graph\">{\"@context\":\"https:\/\/schema.org\",\"@graph\":[{\"@type\":\"WebPage\",\"@id\":\"https:\/\/www.berrycreatifmosaics.com\/product\/christmas-tree-mosaic-kit\/\",\"url\":\"https:\/\/www.berrycreatifmosaics.com\/product\/christmas-tree-mosaic-kit\/\",\"name\":\"Christmas Tree Mosaic kit - Berry Cr\u00e9atif Mosaics\",\"isPartOf\":{\"@id\":\"https:\/\/www.berrycreatifmosaics.com\/#website\"},\"primaryImageOfPage\":{\"@id\":\"https:\/\/www.berrycreatifmosaics.com\/product\/christmas-tree-mosaic-kit\/#primaryimage\"},\"image\":{\"@id\":\"https:\/\/www.berrycreatifmosaics.com\/product\/christmas-tree-mosaic-kit\/#primaryimage\"},\"thumbnailUrl\":\"https:\/\/www.berrycreatifmosaics.com\/wp-content\/uploads\/2023\/11\/XMASTREE1.jpg\",\"datePublished\":\"2023-11-30T16:14:28+00:00\",\"dateModified\":\"2025-11-16T19:25:16+00:00\",\"description\":\"Keep the children occupied this Christmas with these mosaic kits for kids! Great designs and everything included to complete this christmas craft project.\",\"breadcrumb\":{\"@id\":\"https:\/\/www.berrycreatifmosaics.com\/product\/christmas-tree-mosaic-kit\/#breadcrumb\"},\"inLanguage\":\"fr-FR\",\"potentialAction\":[{\"@type\":\"ReadAction\",\"target\":[\"https:\/\/www.berrycreatifmosaics.com\/product\/christmas-tree-mosaic-kit\/\"]}]},{\"@type\":\"ImageObject\",\"inLanguage\":\"fr-FR\",\"@id\":\"https:\/\/www.berrycreatifmosaics.com\/product\/christmas-tree-mosaic-kit\/#primaryimage\",\"url\":\"https:\/\/www.berrycreatifmosaics.com\/wp-content\/uploads\/2023\/11\/XMASTREE1.jpg\",\"contentUrl\":\"https:\/\/www.berrycreatifmosaics.com\/wp-content\/uploads\/2023\/11\/XMASTREE1.jpg\",\"width\":2000,\"height\":2000},{\"@type\":\"BreadcrumbList\",\"@id\":\"https:\/\/www.berrycreatifmosaics.com\/product\/christmas-tree-mosaic-kit\/#breadcrumb\",\"itemListElement\":[{\"@type\":\"ListItem\",\"position\":1,\"name\":\"Home\",\"item\":\"https:\/\/www.berrycreatifmosaics.com\/\"},{\"@type\":\"ListItem\",\"position\":2,\"name\":\"Shop\",\"item\":\"https:\/\/www.berrycreatifmosaics.com\/shop\/\"},{\"@type\":\"ListItem\",\"position\":3,\"name\":\"Christmas Tree Mosaic kit\"}]},{\"@type\":\"WebSite\",\"@id\":\"https:\/\/www.berrycreatifmosaics.com\/#website\",\"url\":\"https:\/\/www.berrycreatifmosaics.com\/\",\"name\":\"Berry Cr\u00e9atif Mosaics\",\"description\":\"Ateliers de mosaique Deux-Sevres\",\"publisher\":{\"@id\":\"https:\/\/www.berrycreatifmosaics.com\/#organization\"},\"potentialAction\":[{\"@type\":\"SearchAction\",\"target\":{\"@type\":\"EntryPoint\",\"urlTemplate\":\"https:\/\/www.berrycreatifmosaics.com\/?s={search_term_string}\"},\"query-input\":{\"@type\":\"PropertyValueSpecification\",\"valueRequired\":true,\"valueName\":\"search_term_string\"}}],\"inLanguage\":\"fr-FR\"},{\"@type\":\"Organization\",\"@id\":\"https:\/\/www.berrycreatifmosaics.com\/#organization\",\"name\":\"Berry Cr\u00e9atif Mosaics\",\"url\":\"https:\/\/www.berrycreatifmosaics.com\/\",\"logo\":{\"@type\":\"ImageObject\",\"inLanguage\":\"fr-FR\",\"@id\":\"https:\/\/www.berrycreatifmosaics.com\/#\/schema\/logo\/image\/\",\"url\":\"https:\/\/www.berrycreatifmosaics.com\/wp-content\/uploads\/2019\/07\/BerryCreatif-logo-400px.png\",\"contentUrl\":\"https:\/\/www.berrycreatifmosaics.com\/wp-content\/uploads\/2019\/07\/BerryCreatif-logo-400px.png\",\"width\":400,\"height\":200,\"caption\":\"Berry Cr\u00e9atif Mosaics\"},\"image\":{\"@id\":\"https:\/\/www.berrycreatifmosaics.com\/#\/schema\/logo\/image\/\"},\"sameAs\":[\"https:\/\/www.facebook.com\/berrycreatifmosaics\/\",\"https:\/\/www.instagram.com\/berrycreatifmosaics\/\",\"https:\/\/www.pinterest.fr\/berrycreatifmosaics\/\",\"https:\/\/www.youtube.com\/channel\/UCqXfRENzLXPPGxBYGGxsb2Q\"]}]}<\/script>\n<!-- \/ Yoast SEO plugin. -->","yoast_head_json":{"title":"Christmas Tree Mosaic kit - Berry Cr\u00e9atif Mosaics","description":"Keep the children occupied this Christmas with these mosaic kits for kids! Great designs and everything included to complete this christmas craft project.","robots":{"index":"index","follow":"follow","max-snippet":"max-snippet:-1","max-image-preview":"max-image-preview:large","max-video-preview":"max-video-preview:-1"},"canonical":"https:\/\/www.berrycreatifmosaics.com\/fr\/produit\/christmas-tree-mosaic-kit\/","og_locale":"fr_FR","og_type":"article","og_title":"Christmas Tree Mosaic kit - Berry Cr\u00e9atif Mosaics","og_description":"Keep the children occupied this Christmas with these mosaic kits for kids! Great designs and everything included to complete this christmas craft project.","og_url":"https:\/\/www.berrycreatifmosaics.com\/fr\/produit\/christmas-tree-mosaic-kit\/","og_site_name":"Berry Cr\u00e9atif Mosaics","article_publisher":"https:\/\/www.facebook.com\/berrycreatifmosaics\/","article_modified_time":"2025-11-16T19:25:16+00:00","og_image":[{"width":2000,"height":2000,"url":"https:\/\/www.berrycreatifmosaics.com\/wp-content\/uploads\/2023\/11\/XMASTREE1.jpg","type":"image\/jpeg"}],"twitter_card":"summary_large_image","twitter_misc":{"Dur\u00e9e de lecture estim\u00e9e":"1 minute"},"schema":{"@context":"https:\/\/schema.org","@graph":[{"@type":"WebPage","@id":"https:\/\/www.berrycreatifmosaics.com\/product\/christmas-tree-mosaic-kit\/","url":"https:\/\/www.berrycreatifmosaics.com\/product\/christmas-tree-mosaic-kit\/","name":"Christmas Tree Mosaic kit - Berry Cr\u00e9atif Mosaics","isPartOf":{"@id":"https:\/\/www.berrycreatifmosaics.com\/#website"},"primaryImageOfPage":{"@id":"https:\/\/www.berrycreatifmosaics.com\/product\/christmas-tree-mosaic-kit\/#primaryimage"},"image":{"@id":"https:\/\/www.berrycreatifmosaics.com\/product\/christmas-tree-mosaic-kit\/#primaryimage"},"thumbnailUrl":"https:\/\/www.berrycreatifmosaics.com\/wp-content\/uploads\/2023\/11\/XMASTREE1.jpg","datePublished":"2023-11-30T16:14:28+00:00","dateModified":"2025-11-16T19:25:16+00:00","description":"Keep the children occupied this Christmas with these mosaic kits for kids! Great designs and everything included to complete this christmas craft project.","breadcrumb":{"@id":"https:\/\/www.berrycreatifmosaics.com\/product\/christmas-tree-mosaic-kit\/#breadcrumb"},"inLanguage":"fr-FR","potentialAction":[{"@type":"ReadAction","target":["https:\/\/www.berrycreatifmosaics.com\/product\/christmas-tree-mosaic-kit\/"]}]},{"@type":"ImageObject","inLanguage":"fr-FR","@id":"https:\/\/www.berrycreatifmosaics.com\/product\/christmas-tree-mosaic-kit\/#primaryimage","url":"https:\/\/www.berrycreatifmosaics.com\/wp-content\/uploads\/2023\/11\/XMASTREE1.jpg","contentUrl":"https:\/\/www.berrycreatifmosaics.com\/wp-content\/uploads\/2023\/11\/XMASTREE1.jpg","width":2000,"height":2000},{"@type":"BreadcrumbList","@id":"https:\/\/www.berrycreatifmosaics.com\/product\/christmas-tree-mosaic-kit\/#breadcrumb","itemListElement":[{"@type":"ListItem","position":1,"name":"Home","item":"https:\/\/www.berrycreatifmosaics.com\/"},{"@type":"ListItem","position":2,"name":"Shop","item":"https:\/\/www.berrycreatifmosaics.com\/shop\/"},{"@type":"ListItem","position":3,"name":"Christmas Tree Mosaic kit"}]},{"@type":"WebSite","@id":"https:\/\/www.berrycreatifmosaics.com\/#website","url":"https:\/\/www.berrycreatifmosaics.com\/","name":"Berry Cr\u00e9atif Mosaics","description":"Ateliers de mosaique Deux-Sevres","publisher":{"@id":"https:\/\/www.berrycreatifmosaics.com\/#organization"},"potentialAction":[{"@type":"SearchAction","target":{"@type":"EntryPoint","urlTemplate":"https:\/\/www.berrycreatifmosaics.com\/?s={search_term_string}"},"query-input":{"@type":"PropertyValueSpecification","valueRequired":true,"valueName":"search_term_string"}}],"inLanguage":"fr-FR"},{"@type":"Organization","@id":"https:\/\/www.berrycreatifmosaics.com\/#organization","name":"Berry Cr\u00e9atif Mosaics","url":"https:\/\/www.berrycreatifmosaics.com\/","logo":{"@type":"ImageObject","inLanguage":"fr-FR","@id":"https:\/\/www.berrycreatifmosaics.com\/#\/schema\/logo\/image\/","url":"https:\/\/www.berrycreatifmosaics.com\/wp-content\/uploads\/2019\/07\/BerryCreatif-logo-400px.png","contentUrl":"https:\/\/www.berrycreatifmosaics.com\/wp-content\/uploads\/2019\/07\/BerryCreatif-logo-400px.png","width":400,"height":200,"caption":"Berry Cr\u00e9atif Mosaics"},"image":{"@id":"https:\/\/www.berrycreatifmosaics.com\/#\/schema\/logo\/image\/"},"sameAs":["https:\/\/www.facebook.com\/berrycreatifmosaics\/","https:\/\/www.instagram.com\/berrycreatifmosaics\/","https:\/\/www.pinterest.fr\/berrycreatifmosaics\/","https:\/\/www.youtube.com\/channel\/UCqXfRENzLXPPGxBYGGxsb2Q"]}]}},"_links":{"self":[{"href":"https:\/\/www.berrycreatifmosaics.com\/fr\/wp-json\/wp\/v2\/product\/3718","targetHints":{"allow":["GET"]}}],"collection":[{"href":"https:\/\/www.berrycreatifmosaics.com\/fr\/wp-json\/wp\/v2\/product"}],"about":[{"href":"https:\/\/www.berrycreatifmosaics.com\/fr\/wp-json\/wp\/v2\/types\/product"}],"replies":[{"embeddable":true,"href":"https:\/\/www.berrycreatifmosaics.com\/fr\/wp-json\/wp\/v2\/comments?post=3718"}],"wp:featuredmedia":[{"embeddable":true,"href":"https:\/\/www.berrycreatifmosaics.com\/fr\/wp-json\/wp\/v2\/media\/4352"}],"wp:attachment":[{"href":"https:\/\/www.berrycreatifmosaics.com\/fr\/wp-json\/wp\/v2\/media?parent=3718"}],"wp:term":[{"taxonomy":"product_brand","embeddable":true,"href":"https:\/\/www.berrycreatifmosaics.com\/fr\/wp-json\/wp\/v2\/product_brand?post=3718"},{"taxonomy":"product_cat","embeddable":true,"href":"https:\/\/www.berrycreatifmosaics.com\/fr\/wp-json\/wp\/v2\/product_cat?post=3718"},{"taxonomy":"product_tag","embeddable":true,"href":"https:\/\/www.berrycreatifmosaics.com\/fr\/wp-json\/wp\/v2\/product_tag?post=3718"}],"curies":[{"name":"wp","href":"https:\/\/api.w.org\/{rel}","templated":true}]}}